{"id":319968,"date":"2026-03-06T01:41:28","date_gmt":"2026-03-06T01:41:28","guid":{"rendered":"https:\/\/grupotextil.es\/?post_type=product&#038;p=319968"},"modified":"2026-03-06T01:41:28","modified_gmt":"2026-03-06T01:41:28","slug":"legging-de-mujer-mate-valento-katy","status":"publish","type":"product","link":"https:\/\/grupotextil.es\/ca\/product\/legging-de-mujer-mate-valento-katy\/","title":{"rendered":"Legging de mujer mate VALENTO KATY"},"content":{"rendered":"<div class=\"product-description\">\n<div class=\"article_characteristics\">\n<ul style=\"margin-block-start: 0;\" >\n<li><b>Legging<\/b> de <b>mujer<\/b> <b>el\u00e1stico<\/b> con cintura ajustable y acabado mate.<\/li>\n<li>Confeccionado en tejido de punto liso <b>el\u00e1stico<\/b> que aporta mayor movilidad.<\/li>\n<li>Cintura fruncida con goma el\u00e1stica para mejor ajuste y mayor comodidad.<\/li>\n<li>Doble pespunte en bajo que aumenta su resistencia.<\/li>\n<li>M\u00e9todos id\u00f3neos de marcaje: serigraf\u00eda, transfer, vinilo.<\/li>\n<li>Ideal para llevar como pantal\u00f3n y tambi\u00e9n debajo de otras prendas.<\/li>\n<\/ul><\/div>\n<\/div>\n<div class=\"product-pdf\">\n<p><a href=\"https:\/\/valento.es\/?service=ServeDocuments&amp;function=serve_datasheet&amp;article_ref=LEVAKAT\" target=\"_blank\" rel=\"noopener\">Descargar ficha t\u00e9cnica (PDF)<\/a><\/p>\n<\/div>","protected":false},"excerpt":{"rendered":"<p>Legging de mujer mate VALENTO KATY de Valento. Disponible en la categor\u00eda Mallas Y Leggings. Env\u00edo r\u00e1pido 24\/48h.<\/p>","protected":false},"featured_media":319969,"comment_status":"open","ping_status":"closed","template":"","meta":{"_acf_changed":false},"product_brand":[11282],"product_cat":[13968],"product_tag":[],"class_list":{"0":"post-319968","1":"product","2":"type-product","3":"status-publish","4":"has-post-thumbnail","6":"product_brand-valento","7":"product_cat-rd-mallas-y-leggings","8":"tm-no-options","10":"first","11":"instock","12":"taxable","13":"shipping-taxable","14":"product-type-variable"},"acf":[],"_links":{"self":[{"href":"https:\/\/grupotextil.es\/ca\/wp-json\/wp\/v2\/product\/319968","targetHints":{"allow":["GET"]}}],"collection":[{"href":"https:\/\/grupotextil.es\/ca\/wp-json\/wp\/v2\/product"}],"about":[{"href":"https:\/\/grupotextil.es\/ca\/wp-json\/wp\/v2\/types\/product"}],"replies":[{"embeddable":true,"href":"https:\/\/grupotextil.es\/ca\/wp-json\/wp\/v2\/comments?post=319968"}],"wp:featuredmedia":[{"embeddable":true,"href":"https:\/\/grupotextil.es\/ca\/wp-json\/wp\/v2\/media\/319969"}],"wp:attachment":[{"href":"https:\/\/grupotextil.es\/ca\/wp-json\/wp\/v2\/media?parent=319968"}],"wp:term":[{"taxonomy":"product_brand","embeddable":true,"href":"https:\/\/grupotextil.es\/ca\/wp-json\/wp\/v2\/product_brand?post=319968"},{"taxonomy":"product_cat","embeddable":true,"href":"https:\/\/grupotextil.es\/ca\/wp-json\/wp\/v2\/product_cat?post=319968"},{"taxonomy":"product_tag","embeddable":true,"href":"https:\/\/grupotextil.es\/ca\/wp-json\/wp\/v2\/product_tag?post=319968"}],"curies":[{"name":"wp","href":"https:\/\/api.w.org\/{rel}","templated":true}]}}