{"id":319998,"date":"2026-03-06T01:41:29","date_gmt":"2026-03-06T01:41:29","guid":{"rendered":"https:\/\/grupotextil.es\/?post_type=product&#038;p=319998"},"modified":"2026-03-06T01:41:29","modified_gmt":"2026-03-06T01:41:29","slug":"mallas-deportivas-cortas-para-hombre-valento-record","status":"publish","type":"product","link":"https:\/\/grupotextil.es\/ca\/product\/mallas-deportivas-cortas-para-hombre-valento-record\/","title":{"rendered":"Mallas deportivas cortas para hombre VALENTO RECORD"},"content":{"rendered":"<div class=\"product-description\">\n<div class=\"article_characteristics\">\n<ul style=\"margin-block-start: 0;\" >\n<li><b>Mallas cortas<\/b> <b>deportivas<\/b> el\u00e1sticas.<\/li>\n<li>Confeccionadas en <b>tejido transpirable<\/b> Stretch-Tec con elastano que aporta mayor movilidad.<\/li>\n<li>Cintura con goma el\u00e1stica y cord\u00f3n para mejor ajuste y mayor comodidad.<\/li>\n<li>Contiene bolsillo interior en la cintura para guardar objetos personales.<\/li>\n<li>M\u00e9todos id\u00f3neos de marcaje: serigraf\u00eda, transfer, vinilo.<\/li>\n<li>Ideales como <b>ropa deportiva<\/b> tanto en interior como en exterior.<\/li>\n<\/ul><\/div>\n<\/div>\n<div class=\"product-pdf\">\n<p><a href=\"https:\/\/valento.es\/?service=ServeDocuments&amp;function=serve_datasheet&amp;article_ref=MAVAREC\" target=\"_blank\" rel=\"noopener\">Descargar ficha t\u00e9cnica (PDF)<\/a><\/p>\n<\/div>","protected":false},"excerpt":{"rendered":"<p>Mallas deportivas cortas para hombre VALENTO RECORD de Valento. Disponible en la categor\u00eda Mallas Y Leggings. Env\u00edo r\u00e1pido 24\/48h.<\/p>","protected":false},"featured_media":319999,"comment_status":"open","ping_status":"closed","template":"","meta":{"_acf_changed":false},"product_brand":[11282],"product_cat":[13968],"product_tag":[],"class_list":{"0":"post-319998","1":"product","2":"type-product","3":"status-publish","4":"has-post-thumbnail","6":"product_brand-valento","7":"product_cat-rd-mallas-y-leggings","8":"tm-no-options","10":"first","11":"instock","12":"taxable","13":"shipping-taxable","14":"product-type-variable"},"acf":[],"_links":{"self":[{"href":"https:\/\/grupotextil.es\/ca\/wp-json\/wp\/v2\/product\/319998","targetHints":{"allow":["GET"]}}],"collection":[{"href":"https:\/\/grupotextil.es\/ca\/wp-json\/wp\/v2\/product"}],"about":[{"href":"https:\/\/grupotextil.es\/ca\/wp-json\/wp\/v2\/types\/product"}],"replies":[{"embeddable":true,"href":"https:\/\/grupotextil.es\/ca\/wp-json\/wp\/v2\/comments?post=319998"}],"wp:featuredmedia":[{"embeddable":true,"href":"https:\/\/grupotextil.es\/ca\/wp-json\/wp\/v2\/media\/319999"}],"wp:attachment":[{"href":"https:\/\/grupotextil.es\/ca\/wp-json\/wp\/v2\/media?parent=319998"}],"wp:term":[{"taxonomy":"product_brand","embeddable":true,"href":"https:\/\/grupotextil.es\/ca\/wp-json\/wp\/v2\/product_brand?post=319998"},{"taxonomy":"product_cat","embeddable":true,"href":"https:\/\/grupotextil.es\/ca\/wp-json\/wp\/v2\/product_cat?post=319998"},{"taxonomy":"product_tag","embeddable":true,"href":"https:\/\/grupotextil.es\/ca\/wp-json\/wp\/v2\/product_tag?post=319998"}],"curies":[{"name":"wp","href":"https:\/\/api.w.org\/{rel}","templated":true}]}}