{"id":320120,"date":"2026-03-06T01:41:37","date_gmt":"2026-03-06T01:41:37","guid":{"rendered":"https:\/\/grupotextil.es\/?post_type=product&#038;p=320120"},"modified":"2026-03-06T01:41:37","modified_gmt":"2026-03-06T01:41:37","slug":"mallas-deportivas-tres-cuartos-para-hombre-valento-jump","status":"publish","type":"product","link":"https:\/\/grupotextil.es\/ca\/product\/mallas-deportivas-tres-cuartos-para-hombre-valento-jump\/","title":{"rendered":"Mallas deportivas tres cuartos para hombre VALENTO JUMP"},"content":{"rendered":"<div class=\"product-description\">\n<div class=\"article_characteristics\">\n<ul style=\"margin-block-start: 0;\" >\n<li><b>Mallas deportivas<\/b> el\u00e1sticas para hombre, con largura tres cuartos por debajo de la rodilla.<\/li>\n<li>Confeccionadas en <b>tejido transpirable<\/b> Stretch-Tec con elastano que aporta mayor movilidad.<\/li>\n<li>Cintura con goma el\u00e1stica y cord\u00f3n para mejor ajuste y mayor comodidad.<\/li>\n<li>Contiene bolsillo interior en la cintura para guardar objetos personales.<\/li>\n<li>M\u00e9todos id\u00f3neos de marcaje: serigraf\u00eda, transfer, vinilo.<\/li>\n<li>Ideales como <b>ropa deportiva<\/b> tanto en interior como en exterior.<\/li>\n<\/ul><\/div>\n<\/div>\n<div class=\"product-pdf\">\n<p><a href=\"https:\/\/valento.es\/?service=ServeDocuments&amp;function=serve_datasheet&amp;article_ref=MAVAJUM\" target=\"_blank\" rel=\"noopener\">Descargar ficha t\u00e9cnica (PDF)<\/a><\/p>\n<\/div>","protected":false},"excerpt":{"rendered":"<p>Mallas deportivas tres cuartos para hombre VALENTO JUMP de Valento. Disponible en la categor\u00eda Mallas Y Leggings. Env\u00edo r\u00e1pido 24\/48h.<\/p>","protected":false},"featured_media":320121,"comment_status":"open","ping_status":"closed","template":"","meta":{"_acf_changed":false},"product_brand":[11282],"product_cat":[13968],"product_tag":[],"class_list":{"0":"post-320120","1":"product","2":"type-product","3":"status-publish","4":"has-post-thumbnail","6":"product_brand-valento","7":"product_cat-rd-mallas-y-leggings","8":"tm-no-options","10":"first","11":"instock","12":"taxable","13":"shipping-taxable","14":"product-type-variable"},"acf":[],"_links":{"self":[{"href":"https:\/\/grupotextil.es\/ca\/wp-json\/wp\/v2\/product\/320120","targetHints":{"allow":["GET"]}}],"collection":[{"href":"https:\/\/grupotextil.es\/ca\/wp-json\/wp\/v2\/product"}],"about":[{"href":"https:\/\/grupotextil.es\/ca\/wp-json\/wp\/v2\/types\/product"}],"replies":[{"embeddable":true,"href":"https:\/\/grupotextil.es\/ca\/wp-json\/wp\/v2\/comments?post=320120"}],"wp:featuredmedia":[{"embeddable":true,"href":"https:\/\/grupotextil.es\/ca\/wp-json\/wp\/v2\/media\/320121"}],"wp:attachment":[{"href":"https:\/\/grupotextil.es\/ca\/wp-json\/wp\/v2\/media?parent=320120"}],"wp:term":[{"taxonomy":"product_brand","embeddable":true,"href":"https:\/\/grupotextil.es\/ca\/wp-json\/wp\/v2\/product_brand?post=320120"},{"taxonomy":"product_cat","embeddable":true,"href":"https:\/\/grupotextil.es\/ca\/wp-json\/wp\/v2\/product_cat?post=320120"},{"taxonomy":"product_tag","embeddable":true,"href":"https:\/\/grupotextil.es\/ca\/wp-json\/wp\/v2\/product_tag?post=320120"}],"curies":[{"name":"wp","href":"https:\/\/api.w.org\/{rel}","templated":true}]}}