{"id":320254,"date":"2026-03-06T01:41:52","date_gmt":"2026-03-06T01:41:52","guid":{"rendered":"https:\/\/grupotextil.es\/?post_type=product&#038;p=320254"},"modified":"2026-03-06T01:41:52","modified_gmt":"2026-03-06T01:41:52","slug":"manta-polar-para-bebe-valento-dreams","status":"publish","type":"product","link":"https:\/\/grupotextil.es\/ca\/product\/manta-polar-para-bebe-valento-dreams\/","title":{"rendered":"Manta polar para beb\u00e9 VALENTO DREAMS"},"content":{"rendered":"<div class=\"product-description\">\n<div class=\"article_characteristics\">\n<ul style=\"margin-block-start: 0;\" >\n<li><b>Manta polar<\/b> con flecos para <b>beb\u00e9<\/b>.<\/li>\n<li>Confeccionada en tejido polar con perchado <b>anti-pilling<\/b> para mayor retenci\u00f3n t\u00e9rmica.<\/li>\n<li>Forma rectangular con esquinas redondeadas y flecos cortados de 4 cm para un mejor acabado.<\/li>\n<li>M\u00e9todos id\u00f3neos de marcaje: bordados, cosidos.<\/li>\n<li>Ideal como <b>regalo personalizado<\/b> y uso en carros de <b>beb\u00e9<\/b>, capazo o cuna.<\/li>\n<\/ul><\/div>\n<\/div>\n<div class=\"product-pdf\">\n<p><a href=\"https:\/\/valento.es\/?service=ServeDocuments&amp;function=serve_datasheet&amp;article_ref=MTVADRE\" target=\"_blank\" rel=\"noopener\">Descargar ficha t\u00e9cnica (PDF)<\/a><\/p>\n<\/div>","protected":false},"excerpt":{"rendered":"<p>Manta polar para beb\u00e9 VALENTO DREAMS de Valento. Disponible en la categor\u00eda Mantas. Env\u00edo r\u00e1pido 24\/48h.<\/p>","protected":false},"featured_media":320255,"comment_status":"open","ping_status":"closed","template":"","meta":{"_acf_changed":false},"product_brand":[11282],"product_cat":[13970],"product_tag":[],"class_list":{"0":"post-320254","1":"product","2":"type-product","3":"status-publish","4":"has-post-thumbnail","6":"product_brand-valento","7":"product_cat-toallas-y-textil-hogar","8":"tm-no-options","10":"first","11":"instock","12":"taxable","13":"shipping-taxable","14":"product-type-variable"},"acf":[],"_links":{"self":[{"href":"https:\/\/grupotextil.es\/ca\/wp-json\/wp\/v2\/product\/320254","targetHints":{"allow":["GET"]}}],"collection":[{"href":"https:\/\/grupotextil.es\/ca\/wp-json\/wp\/v2\/product"}],"about":[{"href":"https:\/\/grupotextil.es\/ca\/wp-json\/wp\/v2\/types\/product"}],"replies":[{"embeddable":true,"href":"https:\/\/grupotextil.es\/ca\/wp-json\/wp\/v2\/comments?post=320254"}],"wp:featuredmedia":[{"embeddable":true,"href":"https:\/\/grupotextil.es\/ca\/wp-json\/wp\/v2\/media\/320255"}],"wp:attachment":[{"href":"https:\/\/grupotextil.es\/ca\/wp-json\/wp\/v2\/media?parent=320254"}],"wp:term":[{"taxonomy":"product_brand","embeddable":true,"href":"https:\/\/grupotextil.es\/ca\/wp-json\/wp\/v2\/product_brand?post=320254"},{"taxonomy":"product_cat","embeddable":true,"href":"https:\/\/grupotextil.es\/ca\/wp-json\/wp\/v2\/product_cat?post=320254"},{"taxonomy":"product_tag","embeddable":true,"href":"https:\/\/grupotextil.es\/ca\/wp-json\/wp\/v2\/product_tag?post=320254"}],"curies":[{"name":"wp","href":"https:\/\/api.w.org\/{rel}","templated":true}]}}