{"id":320262,"date":"2026-03-06T01:41:53","date_gmt":"2026-03-06T01:41:53","guid":{"rendered":"https:\/\/grupotextil.es\/?post_type=product&#038;p=320262"},"modified":"2026-03-06T01:41:53","modified_gmt":"2026-03-06T01:41:53","slug":"manta-polar-con-mangas-valento-movie","status":"publish","type":"product","link":"https:\/\/grupotextil.es\/ca\/product\/manta-polar-con-mangas-valento-movie\/","title":{"rendered":"Manta polar con mangas VALENTO MOVIE"},"content":{"rendered":"<div class=\"product-description\">\n<div class=\"article_characteristics\">\n<ul style=\"margin-block-start: 0;\" >\n<li><b>Manta polar<\/b> con mangas.<\/li>\n<li>Confeccionada en tejido polar de tacto suave con perchado <b>anti-pilling<\/b> para mayor retenci\u00f3n t\u00e9rmica.<\/li>\n<li>Forma curva en el cuello y aberturas con mangas para mejor adaptaci\u00f3n y comodidad.<\/li>\n<li>Contornos cosidos con cinta decorativa para un mejor acabado.<\/li>\n<li>M\u00e9todos id\u00f3neos de marcaje: bordados, cosidos.<\/li>\n<li>Ideal como <b>regalo personalizado<\/b> y para uso en el sof\u00e1 y en el hogar.<\/li>\n<\/ul><\/div>\n<\/div>\n<div class=\"product-pdf\">\n<p><a href=\"https:\/\/valento.es\/?service=ServeDocuments&amp;function=serve_datasheet&amp;article_ref=MTVAMOV\" target=\"_blank\" rel=\"noopener\">Descargar ficha t\u00e9cnica (PDF)<\/a><\/p>\n<\/div>","protected":false},"excerpt":{"rendered":"<p>Manta polar con mangas VALENTO MOVIE de Valento. Disponible en la categor\u00eda Mantas. Env\u00edo r\u00e1pido 24\/48h.<\/p>","protected":false},"featured_media":320263,"comment_status":"open","ping_status":"closed","template":"","meta":{"_acf_changed":false},"product_brand":[11282],"product_cat":[13970],"product_tag":[],"class_list":{"0":"post-320262","1":"product","2":"type-product","3":"status-publish","4":"has-post-thumbnail","6":"product_brand-valento","7":"product_cat-toallas-y-textil-hogar","8":"tm-no-options","10":"first","11":"instock","12":"taxable","13":"shipping-taxable","14":"product-type-variable"},"acf":[],"_links":{"self":[{"href":"https:\/\/grupotextil.es\/ca\/wp-json\/wp\/v2\/product\/320262","targetHints":{"allow":["GET"]}}],"collection":[{"href":"https:\/\/grupotextil.es\/ca\/wp-json\/wp\/v2\/product"}],"about":[{"href":"https:\/\/grupotextil.es\/ca\/wp-json\/wp\/v2\/types\/product"}],"replies":[{"embeddable":true,"href":"https:\/\/grupotextil.es\/ca\/wp-json\/wp\/v2\/comments?post=320262"}],"wp:featuredmedia":[{"embeddable":true,"href":"https:\/\/grupotextil.es\/ca\/wp-json\/wp\/v2\/media\/320263"}],"wp:attachment":[{"href":"https:\/\/grupotextil.es\/ca\/wp-json\/wp\/v2\/media?parent=320262"}],"wp:term":[{"taxonomy":"product_brand","embeddable":true,"href":"https:\/\/grupotextil.es\/ca\/wp-json\/wp\/v2\/product_brand?post=320262"},{"taxonomy":"product_cat","embeddable":true,"href":"https:\/\/grupotextil.es\/ca\/wp-json\/wp\/v2\/product_cat?post=320262"},{"taxonomy":"product_tag","embeddable":true,"href":"https:\/\/grupotextil.es\/ca\/wp-json\/wp\/v2\/product_tag?post=320262"}],"curies":[{"name":"wp","href":"https:\/\/api.w.org\/{rel}","templated":true}]}}