{"id":320267,"date":"2026-03-06T01:41:54","date_gmt":"2026-03-06T01:41:54","guid":{"rendered":"https:\/\/grupotextil.es\/?post_type=product&#038;p=320267"},"modified":"2026-03-06T01:41:54","modified_gmt":"2026-03-06T01:41:54","slug":"mochila-de-cuerdas-en-tnt-valento-saturn","status":"publish","type":"product","link":"https:\/\/grupotextil.es\/ca\/product\/mochila-de-cuerdas-en-tnt-valento-saturn\/","title":{"rendered":"Mochila de cuerdas en TNT VALENTO SATURN"},"content":{"rendered":"<div class=\"product-description\">\n<div class=\"article_characteristics\">\n<ul style=\"margin-block-start: 0;\" >\n<li><b>Mochila de cuerdas<\/b> en tejido no tejido.<\/li>\n<li>Fabricada en material no tejido (TNT) ligero que facilita su transporte.<\/li>\n<li>Cord\u00f3n de grosor fino cosido en los laterales inferiores, que permite su ajuste en los hombros y hace la funci\u00f3n de cierre.<\/li>\n<li>Costuras interiores reforzadas con cinta que aumenta su resistencia.<\/li>\n<li>M\u00e9todos id\u00f3neos de marcaje: serigraf\u00eda.<\/li>\n<li>Ideal para <b>regalo promocional<\/b>, <b>regalo personalizado<\/b> y transporte de objetos ligeros.<\/li>\n<\/ul><\/div>\n<\/div>\n<div class=\"product-pdf\">\n<p><a href=\"https:\/\/valento.es\/?service=ServeDocuments&amp;function=serve_datasheet&amp;article_ref=MCVASAT\" target=\"_blank\" rel=\"noopener\">Descargar ficha t\u00e9cnica (PDF)<\/a><\/p>\n<\/div>","protected":false},"excerpt":{"rendered":"<p>Mochila de cuerdas en TNT VALENTO SATURN de Valento. Disponible en la categor\u00eda Mochilas. Env\u00edo r\u00e1pido 24\/48h.<\/p>","protected":false},"featured_media":320268,"comment_status":"open","ping_status":"closed","template":"","meta":{"_acf_changed":false},"product_brand":[11282],"product_cat":[13954],"product_tag":[],"class_list":{"0":"post-320267","1":"product","2":"type-product","3":"status-publish","4":"has-post-thumbnail","6":"product_brand-valento","7":"product_cat-acc-bolsas-y-mochilas","8":"tm-no-options","10":"first","11":"instock","12":"taxable","13":"shipping-taxable","14":"product-type-variable"},"acf":[],"_links":{"self":[{"href":"https:\/\/grupotextil.es\/ca\/wp-json\/wp\/v2\/product\/320267","targetHints":{"allow":["GET"]}}],"collection":[{"href":"https:\/\/grupotextil.es\/ca\/wp-json\/wp\/v2\/product"}],"about":[{"href":"https:\/\/grupotextil.es\/ca\/wp-json\/wp\/v2\/types\/product"}],"replies":[{"embeddable":true,"href":"https:\/\/grupotextil.es\/ca\/wp-json\/wp\/v2\/comments?post=320267"}],"wp:featuredmedia":[{"embeddable":true,"href":"https:\/\/grupotextil.es\/ca\/wp-json\/wp\/v2\/media\/320268"}],"wp:attachment":[{"href":"https:\/\/grupotextil.es\/ca\/wp-json\/wp\/v2\/media?parent=320267"}],"wp:term":[{"taxonomy":"product_brand","embeddable":true,"href":"https:\/\/grupotextil.es\/ca\/wp-json\/wp\/v2\/product_brand?post=320267"},{"taxonomy":"product_cat","embeddable":true,"href":"https:\/\/grupotextil.es\/ca\/wp-json\/wp\/v2\/product_cat?post=320267"},{"taxonomy":"product_tag","embeddable":true,"href":"https:\/\/grupotextil.es\/ca\/wp-json\/wp\/v2\/product_tag?post=320267"}],"curies":[{"name":"wp","href":"https:\/\/api.w.org\/{rel}","templated":true}]}}