{"id":320771,"date":"2026-03-06T01:42:25","date_gmt":"2026-03-06T01:42:25","guid":{"rendered":"https:\/\/grupotextil.es\/?post_type=product&#038;p=320771"},"modified":"2026-03-06T01:42:25","modified_gmt":"2026-03-06T01:42:25","slug":"neceser-de-viaje-valento-journey","status":"publish","type":"product","link":"https:\/\/grupotextil.es\/ca\/product\/neceser-de-viaje-valento-journey\/","title":{"rendered":"Neceser de viaje VALENTO JOURNEY"},"content":{"rendered":"<div class=\"product-description\">\n<div class=\"article_characteristics\">\n<ul style=\"margin-block-start: 0;\" >\n<li><b>Neceser<\/b> de ba\u00f1o con asa.<\/li>\n<li>Confeccionado en <b>tejido impermeable<\/b>, grueso y resistente en el exterior y forro liso en el interior.<\/li>\n<li>Incorpora un asa para un mejor transporte del <b>neceser<\/b>.<\/li>\n<li>Amplio compartimento y bolsillo exterior, ambos con cierre de cremallera, para guardar lo que es necesario.<\/li>\n<li>M\u00e9todos id\u00f3neos de marcaje: serigraf\u00eda, vinilo, transfer.<\/li>\n<li>Ideal para viaje, uso en gimnasio o piscina y como <b>regalo promocional<\/b>.<\/li>\n<\/ul><\/div>\n<\/div>\n<div class=\"product-pdf\">\n<p><a href=\"https:\/\/valento.es\/?service=ServeDocuments&amp;function=serve_datasheet&amp;article_ref=NEVAJOR\" target=\"_blank\" rel=\"noopener\">Descargar ficha t\u00e9cnica (PDF)<\/a><\/p>\n<\/div>","protected":false},"excerpt":{"rendered":"<p>Neceser de viaje VALENTO JOURNEY de Valento. Disponible en la categor\u00eda Neceseres. Env\u00edo r\u00e1pido 24\/48h.<\/p>","protected":false},"featured_media":320772,"comment_status":"open","ping_status":"closed","template":"","meta":{"_acf_changed":false},"product_brand":[11282],"product_cat":[13974,13975],"product_tag":[],"class_list":{"0":"post-320771","1":"product","2":"type-product","3":"status-publish","4":"has-post-thumbnail","6":"product_brand-valento","7":"product_cat-ropa-hombre","8":"product_cat-ropa-mujer","9":"tm-no-options","11":"first","12":"instock","13":"taxable","14":"shipping-taxable","15":"product-type-variable"},"acf":[],"_links":{"self":[{"href":"https:\/\/grupotextil.es\/ca\/wp-json\/wp\/v2\/product\/320771","targetHints":{"allow":["GET"]}}],"collection":[{"href":"https:\/\/grupotextil.es\/ca\/wp-json\/wp\/v2\/product"}],"about":[{"href":"https:\/\/grupotextil.es\/ca\/wp-json\/wp\/v2\/types\/product"}],"replies":[{"embeddable":true,"href":"https:\/\/grupotextil.es\/ca\/wp-json\/wp\/v2\/comments?post=320771"}],"wp:featuredmedia":[{"embeddable":true,"href":"https:\/\/grupotextil.es\/ca\/wp-json\/wp\/v2\/media\/320772"}],"wp:attachment":[{"href":"https:\/\/grupotextil.es\/ca\/wp-json\/wp\/v2\/media?parent=320771"}],"wp:term":[{"taxonomy":"product_brand","embeddable":true,"href":"https:\/\/grupotextil.es\/ca\/wp-json\/wp\/v2\/product_brand?post=320771"},{"taxonomy":"product_cat","embeddable":true,"href":"https:\/\/grupotextil.es\/ca\/wp-json\/wp\/v2\/product_cat?post=320771"},{"taxonomy":"product_tag","embeddable":true,"href":"https:\/\/grupotextil.es\/ca\/wp-json\/wp\/v2\/product_tag?post=320771"}],"curies":[{"name":"wp","href":"https:\/\/api.w.org\/{rel}","templated":true}]}}