{"id":321395,"date":"2026-03-06T01:42:53","date_gmt":"2026-03-06T01:42:53","guid":{"rendered":"https:\/\/grupotextil.es\/?post_type=product&#038;p=321395"},"modified":"2026-03-06T01:42:53","modified_gmt":"2026-03-06T01:42:53","slug":"pano-de-cocina-de-microfibra-valento-rhino","status":"publish","type":"product","link":"https:\/\/grupotextil.es\/ca\/product\/pano-de-cocina-de-microfibra-valento-rhino\/","title":{"rendered":"Pa\u00f1o de cocina de microfibra VALENTO RHINO"},"content":{"rendered":"<div class=\"product-description\">\n<div class=\"article_characteristics\">\n<ul style=\"margin-block-start: 0;\" >\n<li><b>Pa\u00f1o de limpieza<\/b> <b>microfibra<\/b>.<\/li>\n<li>Confeccionado con tejido gofre de <b>microfibra<\/b> suave, absorbente y duradera.<\/li>\n<li>Esquinas inferiores redondeadas para un mejor acabado.<\/li>\n<li>Contornos sobrehilados que aumentan su resistencia.<\/li>\n<li>Incluye colgador en una de las esquinas superiores que facilita su guardado y secado.<\/li>\n<li>M\u00e9todos id\u00f3neos de marcaje: serigraf\u00eda, transfer, vinilo, bordados, cosidos.<\/li>\n<li>Ideal para su uso en cocina.<\/li>\n<\/ul><\/div>\n<\/div>\n<div class=\"product-pdf\">\n<p><a href=\"https:\/\/valento.es\/?service=ServeDocuments&amp;function=serve_datasheet&amp;article_ref=PLVARHI\" target=\"_blank\" rel=\"noopener\">Descargar ficha t\u00e9cnica (PDF)<\/a><\/p>\n<\/div>","protected":false},"excerpt":{"rendered":"<p>Pa\u00f1o de cocina de microfibra VALENTO RHINO de Valento. Disponible en la categor\u00eda Panos De Limpieza. Env\u00edo r\u00e1pido 24\/48h.<\/p>","protected":false},"featured_media":321396,"comment_status":"open","ping_status":"closed","template":"","meta":{"_acf_changed":false},"product_brand":[11282],"product_cat":[13932,13970],"product_tag":[],"class_list":{"0":"post-321395","1":"product","2":"type-product","3":"status-publish","4":"has-post-thumbnail","6":"product_brand-valento","7":"product_cat-hosteleria-horeca","8":"product_cat-toallas-y-textil-hogar","9":"tm-no-options","11":"first","12":"instock","13":"taxable","14":"shipping-taxable","15":"product-type-variable"},"acf":[],"_links":{"self":[{"href":"https:\/\/grupotextil.es\/ca\/wp-json\/wp\/v2\/product\/321395","targetHints":{"allow":["GET"]}}],"collection":[{"href":"https:\/\/grupotextil.es\/ca\/wp-json\/wp\/v2\/product"}],"about":[{"href":"https:\/\/grupotextil.es\/ca\/wp-json\/wp\/v2\/types\/product"}],"replies":[{"embeddable":true,"href":"https:\/\/grupotextil.es\/ca\/wp-json\/wp\/v2\/comments?post=321395"}],"wp:featuredmedia":[{"embeddable":true,"href":"https:\/\/grupotextil.es\/ca\/wp-json\/wp\/v2\/media\/321396"}],"wp:attachment":[{"href":"https:\/\/grupotextil.es\/ca\/wp-json\/wp\/v2\/media?parent=321395"}],"wp:term":[{"taxonomy":"product_brand","embeddable":true,"href":"https:\/\/grupotextil.es\/ca\/wp-json\/wp\/v2\/product_brand?post=321395"},{"taxonomy":"product_cat","embeddable":true,"href":"https:\/\/grupotextil.es\/ca\/wp-json\/wp\/v2\/product_cat?post=321395"},{"taxonomy":"product_tag","embeddable":true,"href":"https:\/\/grupotextil.es\/ca\/wp-json\/wp\/v2\/product_tag?post=321395"}],"curies":[{"name":"wp","href":"https:\/\/api.w.org\/{rel}","templated":true}]}}