{"id":326195,"date":"2026-03-06T01:44:11","date_gmt":"2026-03-06T01:44:11","guid":{"rendered":"https:\/\/grupotextil.es\/?post_type=product&#038;p=326195"},"modified":"2026-03-06T01:44:11","modified_gmt":"2026-03-06T01:44:11","slug":"pantalon-multibolsillos-100-algodon-valento-river","status":"publish","type":"product","link":"https:\/\/grupotextil.es\/ca\/product\/pantalon-multibolsillos-100-algodon-valento-river\/","title":{"rendered":"Pantal\u00f3n multibolsillos 100% algod\u00f3n VALENTO RIVER"},"content":{"rendered":"<div class=\"product-description\">\n<div class=\"article_characteristics\">\n<ul style=\"margin-block-start: 0;\" >\n<li><b>Pantal\u00f3n de trabajo<\/b> <b>multibolsillos<\/b>.<\/li>\n<li>Confeccionado en tejido sarga gruesa <b>100% algod\u00f3n<\/b> que aporta durabilidad, resistencia y facilita la transpiraci\u00f3n.<\/li>\n<li>Cintura con trabillas para el cintur\u00f3n, cierre de bot\u00f3n metalizado, cremallera y tapeta, goma el\u00e1stica en los laterales para mayor comodidad y un mejor ajuste.<\/li>\n<li>Dos bolsillos en las caderas, dos traseros tipo parche y dos tipo cargo con fuelle, cierre de botones metalizados y tapeta para tener todo accesible.<\/li>\n<li>M\u00e9todos id\u00f3neos de marcaje: serigraf\u00eda, transfer, bordados, cosidos.<\/li>\n<li>Ideal como <b>ropa laboral<\/b> y <b>uniformes de trabajo<\/b>, combina con la chaqueta RIVER, se venden por separado.<\/li>\n<\/ul><\/div>\n<\/div>\n<div class=\"product-pdf\">\n<p><a href=\"https:\/\/valento.es\/?service=ServeDocuments&amp;function=serve_datasheet&amp;article_ref=PAVARIV\" target=\"_blank\" rel=\"noopener\">Descargar ficha t\u00e9cnica (PDF)<\/a><\/p>\n<\/div>","protected":false},"excerpt":{"rendered":"<p>Pantal\u00f3n multibolsillos 100% algod\u00f3n VALENTO RIVER de Valento. Disponible en la categor\u00eda Pantalones. Env\u00edo r\u00e1pido 24\/48h.<\/p>","protected":false},"featured_media":326196,"comment_status":"open","ping_status":"closed","template":"","meta":{"_acf_changed":false},"product_brand":[11282],"product_cat":[13974,13975,13983,13992,13973],"product_tag":[],"class_list":{"0":"post-326195","1":"product","2":"type-product","3":"status-publish","4":"has-post-thumbnail","6":"product_brand-valento","7":"product_cat-ropa-hombre","8":"product_cat-ropa-mujer","9":"product_cat-h-pantalones","10":"product_cat-m-pantalones","11":"product_cat-ropa","12":"tm-no-options","14":"first","15":"instock","16":"taxable","17":"shipping-taxable","18":"product-type-variable"},"acf":[],"_links":{"self":[{"href":"https:\/\/grupotextil.es\/ca\/wp-json\/wp\/v2\/product\/326195","targetHints":{"allow":["GET"]}}],"collection":[{"href":"https:\/\/grupotextil.es\/ca\/wp-json\/wp\/v2\/product"}],"about":[{"href":"https:\/\/grupotextil.es\/ca\/wp-json\/wp\/v2\/types\/product"}],"replies":[{"embeddable":true,"href":"https:\/\/grupotextil.es\/ca\/wp-json\/wp\/v2\/comments?post=326195"}],"wp:featuredmedia":[{"embeddable":true,"href":"https:\/\/grupotextil.es\/ca\/wp-json\/wp\/v2\/media\/326196"}],"wp:attachment":[{"href":"https:\/\/grupotextil.es\/ca\/wp-json\/wp\/v2\/media?parent=326195"}],"wp:term":[{"taxonomy":"product_brand","embeddable":true,"href":"https:\/\/grupotextil.es\/ca\/wp-json\/wp\/v2\/product_brand?post=326195"},{"taxonomy":"product_cat","embeddable":true,"href":"https:\/\/grupotextil.es\/ca\/wp-json\/wp\/v2\/product_cat?post=326195"},{"taxonomy":"product_tag","embeddable":true,"href":"https:\/\/grupotextil.es\/ca\/wp-json\/wp\/v2\/product_tag?post=326195"}],"curies":[{"name":"wp","href":"https:\/\/api.w.org\/{rel}","templated":true}]}}