{"id":327219,"date":"2026-03-06T01:44:31","date_gmt":"2026-03-06T01:44:31","guid":{"rendered":"https:\/\/grupotextil.es\/?post_type=product&#038;p=327219"},"modified":"2026-03-06T01:44:31","modified_gmt":"2026-03-06T01:44:31","slug":"banador-y-pantalon-corto-valento-baywatch","status":"publish","type":"product","link":"https:\/\/grupotextil.es\/ca\/product\/banador-y-pantalon-corto-valento-baywatch\/","title":{"rendered":"Ba\u00f1ador y pantal\u00f3n corto VALENTO BAYWATCH"},"content":{"rendered":"<div class=\"product-description\">\n<div class=\"article_characteristics\">\n<ul style=\"margin-block-start: 0;\" >\n<li>Pantal\u00f3n de doble uso: <b>ba\u00f1ador<\/b> o <b>pantal\u00f3n corto deportivo<\/b>.<\/li>\n<li>Confeccionado en <b>tejido transpirable<\/b> de <b>microfibra<\/b> que facilita el <b>secado r\u00e1pido<\/b>.<\/li>\n<li>Cintura con goma el\u00e1stica y cord\u00f3n para mejor ajuste y mayor comodidad.<\/li>\n<li>Dos bolsillos en las caderas para tener todo accesible.<\/li>\n<li>Incluye redecilla interior para usarlo como <b>ba\u00f1ador<\/b> sin llevar ropa interior.<\/li>\n<li>M\u00e9todos id\u00f3neos de marcaje: serigraf\u00eda, transfer, vinilo, bordados, cosidos.<\/li>\n<li>Ideal como <b>pantal\u00f3n corto deportivo<\/b> en actividades acu\u00e1ticas: <b>ropa laboral<\/b> de socorristas, monitores, y como <b>ba\u00f1ador<\/b> para uso personal.<\/li>\n<\/ul><\/div>\n<\/div>\n<div class=\"product-pdf\">\n<p><a href=\"https:\/\/valento.es\/?service=ServeDocuments&amp;function=serve_datasheet&amp;article_ref=BEVABAY\" target=\"_blank\" rel=\"noopener\">Descargar ficha t\u00e9cnica (PDF)<\/a><\/p>\n<\/div>","protected":false},"excerpt":{"rendered":"<p>Ba\u00f1ador y pantal\u00f3n corto VALENTO BAYWATCH de Valento. Disponible en la categor\u00eda Pantalones Cortos Deportivos Y Banadores. Env\u00edo r\u00e1pido 24\/48h.<\/p>","protected":false},"featured_media":327220,"comment_status":"open","ping_status":"closed","template":"","meta":{"_acf_changed":false},"product_brand":[11282],"product_cat":[13984,13993,13974,13975,13973],"product_tag":[],"class_list":{"0":"post-327219","1":"product","2":"type-product","3":"status-publish","4":"has-post-thumbnail","6":"product_brand-valento","7":"product_cat-h-bermudas","8":"product_cat-m-bermudas","9":"product_cat-ropa-hombre","10":"product_cat-ropa-mujer","11":"product_cat-ropa","12":"tm-no-options","14":"first","15":"instock","16":"taxable","17":"shipping-taxable","18":"product-type-variable"},"acf":[],"_links":{"self":[{"href":"https:\/\/grupotextil.es\/ca\/wp-json\/wp\/v2\/product\/327219","targetHints":{"allow":["GET"]}}],"collection":[{"href":"https:\/\/grupotextil.es\/ca\/wp-json\/wp\/v2\/product"}],"about":[{"href":"https:\/\/grupotextil.es\/ca\/wp-json\/wp\/v2\/types\/product"}],"replies":[{"embeddable":true,"href":"https:\/\/grupotextil.es\/ca\/wp-json\/wp\/v2\/comments?post=327219"}],"wp:featuredmedia":[{"embeddable":true,"href":"https:\/\/grupotextil.es\/ca\/wp-json\/wp\/v2\/media\/327220"}],"wp:attachment":[{"href":"https:\/\/grupotextil.es\/ca\/wp-json\/wp\/v2\/media?parent=327219"}],"wp:term":[{"taxonomy":"product_brand","embeddable":true,"href":"https:\/\/grupotextil.es\/ca\/wp-json\/wp\/v2\/product_brand?post=327219"},{"taxonomy":"product_cat","embeddable":true,"href":"https:\/\/grupotextil.es\/ca\/wp-json\/wp\/v2\/product_cat?post=327219"},{"taxonomy":"product_tag","embeddable":true,"href":"https:\/\/grupotextil.es\/ca\/wp-json\/wp\/v2\/product_tag?post=327219"}],"curies":[{"name":"wp","href":"https:\/\/api.w.org\/{rel}","templated":true}]}}