{"id":331188,"date":"2026-03-06T01:45:52","date_gmt":"2026-03-06T01:45:52","guid":{"rendered":"https:\/\/grupotextil.es\/?post_type=product&#038;p=331188"},"modified":"2026-03-06T01:45:52","modified_gmt":"2026-03-06T01:45:52","slug":"forro-polar-grueso-valento-montrose","status":"publish","type":"product","link":"https:\/\/grupotextil.es\/ca\/product\/forro-polar-grueso-valento-montrose\/","title":{"rendered":"Forro polar grueso VALENTO MONTROSE"},"content":{"rendered":"<div class=\"product-description\">\n<div class=\"article_characteristics\">\n<ul style=\"margin-block-start: 0;\" >\n<li><b>Forro polar<\/b> grueso.<\/li>\n<li>Confeccionado en tejido polar grueso que aporta alta retenci\u00f3n t\u00e9rmica, con perchado <b>anti-pilling<\/b> interior y exterior para un mejor acabado.<\/li>\n<li>Cuello alto de doble capa y cierre de <b>cremallera entera<\/b> para mayor calidez y confort.<\/li>\n<li>Pu\u00f1os y bajo con canal\u00e9 el\u00e1stico que se adapta c\u00f3modamente.<\/li>\n<li>Dos bolsillos oblicuos para tener todo accesible y uno vertical en pecho izquierdo para resaltar el marcaje, con refuerzo en tejido Canvas, todos con cremallera.<\/li>\n<li>M\u00e9todos id\u00f3neos de marcaje: bordados, cosidos.<\/li>\n<li>Ideal como <b>ropa laboral<\/b> y actividades en exteriores.<\/li>\n<\/ul><\/div>\n<\/div>\n<div class=\"product-pdf\">\n<p><a href=\"https:\/\/valento.es\/?service=ServeDocuments&amp;function=serve_datasheet&amp;article_ref=FPVAMON\" target=\"_blank\" rel=\"noopener\">Descargar ficha t\u00e9cnica (PDF)<\/a><\/p>\n<\/div>","protected":false},"excerpt":{"rendered":"<p>Forro polar grueso VALENTO MONTROSE de Valento. Disponible en la categor\u00eda Polares. Env\u00edo r\u00e1pido 24\/48h.<\/p>","protected":false},"featured_media":331189,"comment_status":"open","ping_status":"closed","template":"","meta":{"_acf_changed":false},"product_brand":[11282],"product_cat":[13981,13990,13974,13975,13973],"product_tag":[],"class_list":{"0":"post-331188","1":"product","2":"type-product","3":"status-publish","4":"has-post-thumbnail","6":"product_brand-valento","7":"product_cat-h-chaquetas-y-abrigos","8":"product_cat-m-chaquetas-y-abrigos","9":"product_cat-ropa-hombre","10":"product_cat-ropa-mujer","11":"product_cat-ropa","12":"tm-no-options","14":"first","15":"instock","16":"taxable","17":"shipping-taxable","18":"product-type-variable"},"acf":[],"_links":{"self":[{"href":"https:\/\/grupotextil.es\/ca\/wp-json\/wp\/v2\/product\/331188","targetHints":{"allow":["GET"]}}],"collection":[{"href":"https:\/\/grupotextil.es\/ca\/wp-json\/wp\/v2\/product"}],"about":[{"href":"https:\/\/grupotextil.es\/ca\/wp-json\/wp\/v2\/types\/product"}],"replies":[{"embeddable":true,"href":"https:\/\/grupotextil.es\/ca\/wp-json\/wp\/v2\/comments?post=331188"}],"wp:featuredmedia":[{"embeddable":true,"href":"https:\/\/grupotextil.es\/ca\/wp-json\/wp\/v2\/media\/331189"}],"wp:attachment":[{"href":"https:\/\/grupotextil.es\/ca\/wp-json\/wp\/v2\/media?parent=331188"}],"wp:term":[{"taxonomy":"product_brand","embeddable":true,"href":"https:\/\/grupotextil.es\/ca\/wp-json\/wp\/v2\/product_brand?post=331188"},{"taxonomy":"product_cat","embeddable":true,"href":"https:\/\/grupotextil.es\/ca\/wp-json\/wp\/v2\/product_cat?post=331188"},{"taxonomy":"product_tag","embeddable":true,"href":"https:\/\/grupotextil.es\/ca\/wp-json\/wp\/v2\/product_tag?post=331188"}],"curies":[{"name":"wp","href":"https:\/\/api.w.org\/{rel}","templated":true}]}}