{"id":331227,"date":"2026-03-06T01:45:54","date_gmt":"2026-03-06T01:45:54","guid":{"rendered":"https:\/\/grupotextil.es\/?post_type=product&#038;p=331227"},"modified":"2026-03-06T01:45:54","modified_gmt":"2026-03-06T01:45:54","slug":"sudadera-polar-de-cuello-redondo-valento-calgary","status":"publish","type":"product","link":"https:\/\/grupotextil.es\/ca\/product\/sudadera-polar-de-cuello-redondo-valento-calgary\/","title":{"rendered":"Sudadera polar de cuello redondo VALENTO CALGARY"},"content":{"rendered":"<div class=\"product-description\">\n<div class=\"article_characteristics\">\n<ul style=\"margin-block-start: 0;\" >\n<li><b>Sudadera polar<\/b> con <b>cuello redondo<\/b>.<\/li>\n<li>Confeccionada en tejido polar ligero con <b>anti-pilling<\/b> exterior y perchado interior que aporta buena retenci\u00f3n t\u00e9rmica y conforty bajor rectos con doble costura que aumenta su resistencia.<\/li>\n<li>M\u00e9todos id\u00f3neos de marcaje: bordados, cosidos.<\/li>\n<li>Ideal como <b>textil promocional<\/b>, <b>ropa laboral<\/b>, <b>ropa deportiva<\/b> y <b>ropa casual<\/b>.<\/li>\n<\/ul><\/div>\n<\/div>\n<div class=\"product-pdf\">\n<p><a href=\"https:\/\/valento.es\/?service=ServeDocuments&amp;function=serve_datasheet&amp;article_ref=SUVACAG\" target=\"_blank\" rel=\"noopener\">Descargar ficha t\u00e9cnica (PDF)<\/a><\/p>\n<\/div>","protected":false},"excerpt":{"rendered":"<p>Sudadera polar de cuello redondo VALENTO CALGARY de Valento. Disponible en la categor\u00eda Polares. Env\u00edo r\u00e1pido 24\/48h.<\/p>","protected":false},"featured_media":331228,"comment_status":"open","ping_status":"closed","template":"","meta":{"_acf_changed":false},"product_brand":[11282],"product_cat":[13974,13975,13973,13980,13989],"product_tag":[],"class_list":{"0":"post-331227","1":"product","2":"type-product","3":"status-publish","4":"has-post-thumbnail","6":"product_brand-valento","7":"product_cat-ropa-hombre","8":"product_cat-ropa-mujer","9":"product_cat-ropa","10":"product_cat-h-sudaderas","11":"product_cat-m-sudaderas","12":"tm-no-options","14":"first","15":"instock","16":"taxable","17":"shipping-taxable","18":"product-type-variable"},"acf":[],"_links":{"self":[{"href":"https:\/\/grupotextil.es\/ca\/wp-json\/wp\/v2\/product\/331227","targetHints":{"allow":["GET"]}}],"collection":[{"href":"https:\/\/grupotextil.es\/ca\/wp-json\/wp\/v2\/product"}],"about":[{"href":"https:\/\/grupotextil.es\/ca\/wp-json\/wp\/v2\/types\/product"}],"replies":[{"embeddable":true,"href":"https:\/\/grupotextil.es\/ca\/wp-json\/wp\/v2\/comments?post=331227"}],"wp:featuredmedia":[{"embeddable":true,"href":"https:\/\/grupotextil.es\/ca\/wp-json\/wp\/v2\/media\/331228"}],"wp:attachment":[{"href":"https:\/\/grupotextil.es\/ca\/wp-json\/wp\/v2\/media?parent=331227"}],"wp:term":[{"taxonomy":"product_brand","embeddable":true,"href":"https:\/\/grupotextil.es\/ca\/wp-json\/wp\/v2\/product_brand?post=331227"},{"taxonomy":"product_cat","embeddable":true,"href":"https:\/\/grupotextil.es\/ca\/wp-json\/wp\/v2\/product_cat?post=331227"},{"taxonomy":"product_tag","embeddable":true,"href":"https:\/\/grupotextil.es\/ca\/wp-json\/wp\/v2\/product_tag?post=331227"}],"curies":[{"name":"wp","href":"https:\/\/api.w.org\/{rel}","templated":true}]}}