{"id":337749,"date":"2026-03-06T01:47:31","date_gmt":"2026-03-06T01:47:31","guid":{"rendered":"https:\/\/grupotextil.es\/?post_type=product&#038;p=337749"},"modified":"2026-03-06T01:47:31","modified_gmt":"2026-03-06T01:47:31","slug":"pantalon-impermeable-valento-triton","status":"publish","type":"product","link":"https:\/\/grupotextil.es\/ca\/product\/pantalon-impermeable-valento-triton\/","title":{"rendered":"Pantal\u00f3n impermeable VALENTO TRITON"},"content":{"rendered":"<div class=\"product-description\">\n<div class=\"article_characteristics\">\n<ul style=\"margin-block-start: 0;\" >\n<li>Cubre <b>pantal\u00f3n impermeable<\/b>.<\/li>\n<li>Confeccionado con <b>tejido impermeable<\/b> de tres capas: exterior de tejido Ottoman impermeable, membrana de PU transpirable e interior de rejilla ligera que bloquea el paso del agua.<\/li>\n<li>Costuras termo-selladas para evitar filtraciones de agua y mantener el cuerpo seco ante la lluvia.<\/li>\n<li>Cintura fruncida con goma el\u00e1stica para un mejor ajuste y aberturas laterales en caderas que permiten el acceso a los bolsillos del pantal\u00f3n interior.<\/li>\n<li>Tobillos amplios que permiten su colocaci\u00f3n con calzado.<\/li>\n<li>M\u00e9todos id\u00f3neos de marcaje: serigraf\u00eda, transfer, vinilo.<\/li>\n<li>Prenda a juego con la <b>chaqueta impermeable<\/b> DARION, ideal para actividades en exteriores.<\/li>\n<\/ul><\/div>\n<\/div>\n<div class=\"product-pdf\">\n<p><a href=\"https:\/\/valento.es\/?service=ServeDocuments&amp;function=serve_datasheet&amp;article_ref=PAVATRI\" target=\"_blank\" rel=\"noopener\">Descargar ficha t\u00e9cnica (PDF)<\/a><\/p>\n<\/div>","protected":false},"excerpt":{"rendered":"<p>Pantal\u00f3n impermeable VALENTO TRITON de Valento. Disponible en la categor\u00eda Ropa De Lluvia. Env\u00edo r\u00e1pido 24\/48h.<\/p>","protected":false},"featured_media":337750,"comment_status":"open","ping_status":"closed","template":"","meta":{"_acf_changed":false},"product_brand":[11282],"product_cat":[13974,13975,13983,13992,13973],"product_tag":[],"class_list":{"0":"post-337749","1":"product","2":"type-product","3":"status-publish","4":"has-post-thumbnail","6":"product_brand-valento","7":"product_cat-ropa-hombre","8":"product_cat-ropa-mujer","9":"product_cat-h-pantalones","10":"product_cat-m-pantalones","11":"product_cat-ropa","12":"tm-no-options","14":"first","15":"instock","16":"taxable","17":"shipping-taxable","18":"product-type-variable"},"acf":[],"_links":{"self":[{"href":"https:\/\/grupotextil.es\/ca\/wp-json\/wp\/v2\/product\/337749","targetHints":{"allow":["GET"]}}],"collection":[{"href":"https:\/\/grupotextil.es\/ca\/wp-json\/wp\/v2\/product"}],"about":[{"href":"https:\/\/grupotextil.es\/ca\/wp-json\/wp\/v2\/types\/product"}],"replies":[{"embeddable":true,"href":"https:\/\/grupotextil.es\/ca\/wp-json\/wp\/v2\/comments?post=337749"}],"wp:featuredmedia":[{"embeddable":true,"href":"https:\/\/grupotextil.es\/ca\/wp-json\/wp\/v2\/media\/337750"}],"wp:attachment":[{"href":"https:\/\/grupotextil.es\/ca\/wp-json\/wp\/v2\/media?parent=337749"}],"wp:term":[{"taxonomy":"product_brand","embeddable":true,"href":"https:\/\/grupotextil.es\/ca\/wp-json\/wp\/v2\/product_brand?post=337749"},{"taxonomy":"product_cat","embeddable":true,"href":"https:\/\/grupotextil.es\/ca\/wp-json\/wp\/v2\/product_cat?post=337749"},{"taxonomy":"product_tag","embeddable":true,"href":"https:\/\/grupotextil.es\/ca\/wp-json\/wp\/v2\/product_tag?post=337749"}],"curies":[{"name":"wp","href":"https:\/\/api.w.org\/{rel}","templated":true}]}}