{"id":337872,"date":"2026-03-06T01:47:35","date_gmt":"2026-03-06T01:47:35","guid":{"rendered":"https:\/\/grupotextil.es\/?post_type=product&#038;p=337872"},"modified":"2026-03-06T01:47:35","modified_gmt":"2026-03-06T01:47:35","slug":"chubasquero-con-capucha-media-cremallera-valento-dundee","status":"publish","type":"product","link":"https:\/\/grupotextil.es\/ca\/product\/chubasquero-con-capucha-media-cremallera-valento-dundee\/","title":{"rendered":"Chubasquero con capucha media cremallera VALENTO DUNDEE"},"content":{"rendered":"<div class=\"product-description\">\n<div class=\"article_characteristics\">\n<ul style=\"margin-block-start: 0;\" >\n<li><b>Chubasquero<\/b> <b>con capucha<\/b>.<\/li>\n<li>Confeccionado en tejido plano con acabado hidro-repelente para un mayor confort.<\/li>\n<li>Cuello alto con cierre de media cremallera y capucha con cord\u00f3n regulador y freno para un mejor ajuste.<\/li>\n<li>Amplio bolsillo central con cremallera y velcro para mayor protecci\u00f3n y dos bolsillos en la cintura con cremallera para tener todo guardado.<\/li>\n<li>Pu\u00f1os el\u00e1sticos y bajo ajustable mediante cord\u00f3n regulador y freno para mayor confort.<\/li>\n<li>M\u00e9todos id\u00f3neos de marcaje: serigraf\u00eda, transfer, vinilo.<\/li>\n<li>Ideal como <b>textil promocional<\/b>, complemento de <b>ropa laboral<\/b> y actividades en exteriores.<\/li>\n<\/ul><\/div>\n<\/div>\n<div class=\"product-pdf\">\n<p><a href=\"https:\/\/valento.es\/?service=ServeDocuments&amp;function=serve_datasheet&amp;article_ref=CVVADUN\" target=\"_blank\" rel=\"noopener\">Descargar ficha t\u00e9cnica (PDF)<\/a><\/p>\n<\/div>","protected":false},"excerpt":{"rendered":"<p>Chubasquero con capucha media cremallera VALENTO DUNDEE de Valento. Disponible en la categor\u00eda Ropa De Lluvia. Env\u00edo r\u00e1pido 24\/48h.<\/p>","protected":false},"featured_media":337873,"comment_status":"open","ping_status":"closed","template":"","meta":{"_acf_changed":false},"product_brand":[11282],"product_cat":[13990,13981,13939,13974,13975,13973],"product_tag":[],"class_list":{"0":"post-337872","1":"product","2":"type-product","3":"status-publish","4":"has-post-thumbnail","6":"product_brand-valento","7":"product_cat-m-chaquetas-y-abrigos","8":"product_cat-h-chaquetas-y-abrigos","9":"product_cat-deportivo","10":"product_cat-ropa-hombre","11":"product_cat-ropa-mujer","12":"product_cat-ropa","13":"tm-no-options","15":"first","16":"instock","17":"taxable","18":"shipping-taxable","19":"product-type-variable"},"acf":[],"_links":{"self":[{"href":"https:\/\/grupotextil.es\/ca\/wp-json\/wp\/v2\/product\/337872","targetHints":{"allow":["GET"]}}],"collection":[{"href":"https:\/\/grupotextil.es\/ca\/wp-json\/wp\/v2\/product"}],"about":[{"href":"https:\/\/grupotextil.es\/ca\/wp-json\/wp\/v2\/types\/product"}],"replies":[{"embeddable":true,"href":"https:\/\/grupotextil.es\/ca\/wp-json\/wp\/v2\/comments?post=337872"}],"wp:featuredmedia":[{"embeddable":true,"href":"https:\/\/grupotextil.es\/ca\/wp-json\/wp\/v2\/media\/337873"}],"wp:attachment":[{"href":"https:\/\/grupotextil.es\/ca\/wp-json\/wp\/v2\/media?parent=337872"}],"wp:term":[{"taxonomy":"product_brand","embeddable":true,"href":"https:\/\/grupotextil.es\/ca\/wp-json\/wp\/v2\/product_brand?post=337872"},{"taxonomy":"product_cat","embeddable":true,"href":"https:\/\/grupotextil.es\/ca\/wp-json\/wp\/v2\/product_cat?post=337872"},{"taxonomy":"product_tag","embeddable":true,"href":"https:\/\/grupotextil.es\/ca\/wp-json\/wp\/v2\/product_tag?post=337872"}],"curies":[{"name":"wp","href":"https:\/\/api.w.org\/{rel}","templated":true}]}}