{"id":337911,"date":"2026-03-06T01:47:36","date_gmt":"2026-03-06T01:47:36","guid":{"rendered":"https:\/\/grupotextil.es\/?post_type=product&#038;p=337911"},"modified":"2026-03-06T01:47:36","modified_gmt":"2026-03-06T01:47:36","slug":"camisa-de-trabajo-ignifuga-valento-blaze","status":"publish","type":"product","link":"https:\/\/grupotextil.es\/ca\/product\/camisa-de-trabajo-ignifuga-valento-blaze\/","title":{"rendered":"Camisa de trabajo ign\u00edfuga VALENTO BLAZE"},"content":{"rendered":"<div class=\"product-description\">\n<div class=\"article_characteristics\">\n<ul style=\"margin-block-start: 0;\" >\n<li><b>Camisa ign\u00edfuga<\/b> de <b>manga larga<\/b>.<\/li>\n<li>Confeccionada en tejido de sarga gruesa <b>100% algod\u00f3n<\/b> con tratamiento FR.<\/li>\n<li>Prenda certificada como EPI de Categor\u00eda II por las normas EN ISO 11612 de protecci\u00f3n contra el calor y la llama, clase A1 + A2, B1, C1, X, X y F1 y EN ISO 11611 de protecci\u00f3n durante el soldeo, A1 + A2 clase 1.<\/li>\n<li>Cierre central y pu\u00f1os con botones y doble tapeta para mayor comodidad y confort, dos bolsillos en la zona del pecho con tapeta para tener todo accesible.<\/li>\n<li>Costuras interiores sobrehiladas y doble pespunte en bajo para mayor resistencia y durabilidad.<\/li>\n<li>M\u00e9todos id\u00f3neos de marcaje: serigraf\u00eda, vinilo, bordados, cosidos.<\/li>\n<li>Ideal como <b>ropa laboral<\/b>.<\/li>\n<\/ul><\/div>\n<\/div>\n<div class=\"product-pdf\">\n<p><a href=\"https:\/\/valento.es\/?service=ServeDocuments&amp;function=serve_datasheet&amp;article_ref=CSVABLA\" target=\"_blank\" rel=\"noopener\">Descargar ficha t\u00e9cnica (PDF)<\/a><\/p>\n<\/div>","protected":false},"excerpt":{"rendered":"<p>Camisa de trabajo ign\u00edfuga VALENTO BLAZE de Valento. Disponible en la categor\u00eda Ropa Ignifuga. Env\u00edo r\u00e1pido 24\/48h.<\/p>","protected":false},"featured_media":337912,"comment_status":"open","ping_status":"closed","template":"","meta":{"_acf_changed":false},"product_brand":[11282],"product_cat":[13938],"product_tag":[],"class_list":{"0":"post-337911","1":"product","2":"type-product","3":"status-publish","4":"has-post-thumbnail","6":"product_brand-valento","7":"product_cat-camisas-corporativas","8":"tm-no-options","10":"first","11":"instock","12":"taxable","13":"shipping-taxable","14":"product-type-variable"},"acf":[],"_links":{"self":[{"href":"https:\/\/grupotextil.es\/ca\/wp-json\/wp\/v2\/product\/337911","targetHints":{"allow":["GET"]}}],"collection":[{"href":"https:\/\/grupotextil.es\/ca\/wp-json\/wp\/v2\/product"}],"about":[{"href":"https:\/\/grupotextil.es\/ca\/wp-json\/wp\/v2\/types\/product"}],"replies":[{"embeddable":true,"href":"https:\/\/grupotextil.es\/ca\/wp-json\/wp\/v2\/comments?post=337911"}],"wp:featuredmedia":[{"embeddable":true,"href":"https:\/\/grupotextil.es\/ca\/wp-json\/wp\/v2\/media\/337912"}],"wp:attachment":[{"href":"https:\/\/grupotextil.es\/ca\/wp-json\/wp\/v2\/media?parent=337911"}],"wp:term":[{"taxonomy":"product_brand","embeddable":true,"href":"https:\/\/grupotextil.es\/ca\/wp-json\/wp\/v2\/product_brand?post=337911"},{"taxonomy":"product_cat","embeddable":true,"href":"https:\/\/grupotextil.es\/ca\/wp-json\/wp\/v2\/product_cat?post=337911"},{"taxonomy":"product_tag","embeddable":true,"href":"https:\/\/grupotextil.es\/ca\/wp-json\/wp\/v2\/product_tag?post=337911"}],"curies":[{"name":"wp","href":"https:\/\/api.w.org\/{rel}","templated":true}]}}