{"id":337932,"date":"2026-03-06T01:47:39","date_gmt":"2026-03-06T01:47:39","guid":{"rendered":"https:\/\/grupotextil.es\/?post_type=product&#038;p=337932"},"modified":"2026-03-06T01:47:39","modified_gmt":"2026-03-06T01:47:39","slug":"ropa-laboral-textil-promocional-y-ropa-deportiva","status":"publish","type":"product","link":"https:\/\/grupotextil.es\/ca\/product\/ropa-laboral-textil-promocional-y-ropa-deportiva\/","title":{"rendered":"Ropa laboral, textil promocional y ropa deportiva"},"content":{"rendered":"<div class=\"product-description\">\n<div class=\"article_characteristics\">\n<ul style=\"margin-block-start: 0;\" >\n<li><b>Pantal\u00f3n ign\u00edfugo<\/b>.<\/li>\n<li>Confeccionado en tejido <b>100% algod\u00f3n<\/b> con tratamiento FR.<\/li>\n<li>Prenda certificada como EPI de Categor\u00eda II por las normas EN ISO 11612 de protecci\u00f3n contra el calor y la llama, clase A1 + A2, B1, C1, X, X y F1 y EN ISO 11611 de protecci\u00f3n durante el soldeo, A1 + A2 clase 1.<\/li>\n<li>Cierre con cremallera y bot\u00f3n oculto, cintura con goma el\u00e1stica para mayor comodidad, dos bolsillos ocultos en caderas, dos traseros y dos laterales con tapeta y botones a presi\u00f3n met\u00e1licos para tener todo accesible.<\/li>\n<li>Costuras principales dobles y puntos de mayor tracci\u00f3n reforzados con presillas de seguridad que aportan durabilidad y resistencia.<\/li>\n<li>M\u00e9todos id\u00f3neos de marcaje: serigraf\u00eda, transfer, bordados, cosidos.<\/li>\n<li>Ideal como <b>ropa laboral<\/b>.<\/li>\n<\/ul><\/div>\n<\/div>\n<div class=\"product-pdf\">\n<p><a href=\"https:\/\/valento.es\/?service=ServeDocuments&amp;function=serve_datasheet&amp;article_ref=PAVAFLA\" target=\"_blank\" rel=\"noopener\">Descargar ficha t\u00e9cnica (PDF)<\/a><\/p>\n<\/div>","protected":false},"excerpt":{"rendered":"<p>Ropa laboral, textil promocional y ropa deportiva de Valento. Disponible en la categor\u00eda Ropa Ignifuga. Env\u00edo r\u00e1pido 24\/48h.<\/p>","protected":false},"featured_media":337933,"comment_status":"open","ping_status":"closed","template":"","meta":{"_acf_changed":false},"product_brand":[11282],"product_cat":[13974,13975,13983,13992,13973],"product_tag":[],"class_list":{"0":"post-337932","1":"product","2":"type-product","3":"status-publish","4":"has-post-thumbnail","6":"product_brand-valento","7":"product_cat-ropa-hombre","8":"product_cat-ropa-mujer","9":"product_cat-h-pantalones","10":"product_cat-m-pantalones","11":"product_cat-ropa","12":"tm-no-options","14":"first","15":"instock","16":"taxable","17":"shipping-taxable","18":"product-type-variable"},"acf":[],"_links":{"self":[{"href":"https:\/\/grupotextil.es\/ca\/wp-json\/wp\/v2\/product\/337932","targetHints":{"allow":["GET"]}}],"collection":[{"href":"https:\/\/grupotextil.es\/ca\/wp-json\/wp\/v2\/product"}],"about":[{"href":"https:\/\/grupotextil.es\/ca\/wp-json\/wp\/v2\/types\/product"}],"replies":[{"embeddable":true,"href":"https:\/\/grupotextil.es\/ca\/wp-json\/wp\/v2\/comments?post=337932"}],"wp:featuredmedia":[{"embeddable":true,"href":"https:\/\/grupotextil.es\/ca\/wp-json\/wp\/v2\/media\/337933"}],"wp:attachment":[{"href":"https:\/\/grupotextil.es\/ca\/wp-json\/wp\/v2\/media?parent=337932"}],"wp:term":[{"taxonomy":"product_brand","embeddable":true,"href":"https:\/\/grupotextil.es\/ca\/wp-json\/wp\/v2\/product_brand?post=337932"},{"taxonomy":"product_cat","embeddable":true,"href":"https:\/\/grupotextil.es\/ca\/wp-json\/wp\/v2\/product_cat?post=337932"},{"taxonomy":"product_tag","embeddable":true,"href":"https:\/\/grupotextil.es\/ca\/wp-json\/wp\/v2\/product_tag?post=337932"}],"curies":[{"name":"wp","href":"https:\/\/api.w.org\/{rel}","templated":true}]}}