{"id":338594,"date":"2026-03-06T01:47:55","date_gmt":"2026-03-06T01:47:55","guid":{"rendered":"https:\/\/grupotextil.es\/?post_type=product&#038;p=338594"},"modified":"2026-03-06T01:47:55","modified_gmt":"2026-03-06T01:47:55","slug":"pantalon-termico-polar-valento-astun","status":"publish","type":"product","link":"https:\/\/grupotextil.es\/ca\/product\/pantalon-termico-polar-valento-astun\/","title":{"rendered":"Pantal\u00f3n t\u00e9rmico polar VALENTO ASTUN"},"content":{"rendered":"<div class=\"product-description\">\n<div class=\"article_characteristics\">\n<ul style=\"margin-block-start: 0;\" >\n<li><b>Pantal\u00f3n t\u00e9rmico<\/b> interior <b>polar<\/b>.<\/li>\n<li>Confeccionado en tejido micro-<b>polar<\/b> <b>anti-pilling<\/b> agradable al contacto con la piel.<\/li>\n<li>Cintura fruncida con goma el\u00e1stica para mejor ajuste y mayor comodidad.<\/li>\n<li>Cintas el\u00e1sticas en tobillos que proporcionan una mejor sujeci\u00f3n del pantal\u00f3n a los pies evitando que se suban.<\/li>\n<li>Doble pespunte en bajo que aumenta su resistencia.<\/li>\n<li>M\u00e9todos id\u00f3neos de marcaje: bordados, cosidos.<\/li>\n<li>Ideal como complemento de <b>ropa laboral<\/b> y como prenda interior en exteriores y en lugares muy fr\u00edos.<\/li>\n<\/ul><\/div>\n<\/div>\n<div class=\"product-pdf\">\n<p><a href=\"https:\/\/valento.es\/?service=ServeDocuments&amp;function=serve_datasheet&amp;article_ref=PAVAAST\" target=\"_blank\" rel=\"noopener\">Descargar ficha t\u00e9cnica (PDF)<\/a><\/p>\n<\/div>","protected":false},"excerpt":{"rendered":"<p>Pantal\u00f3n t\u00e9rmico polar VALENTO ASTUN de Valento. Disponible en la categor\u00eda Ropa Termica. Env\u00edo r\u00e1pido 24\/48h.<\/p>","protected":false},"featured_media":338595,"comment_status":"open","ping_status":"closed","template":"","meta":{"_acf_changed":false},"product_brand":[11282],"product_cat":[13974,13975,13992,13983,13973],"product_tag":[],"class_list":{"0":"post-338594","1":"product","2":"type-product","3":"status-publish","4":"has-post-thumbnail","6":"product_brand-valento","7":"product_cat-ropa-hombre","8":"product_cat-ropa-mujer","9":"product_cat-m-pantalones","10":"product_cat-h-pantalones","11":"product_cat-ropa","12":"tm-no-options","14":"first","15":"instock","16":"taxable","17":"shipping-taxable","18":"product-type-variable"},"acf":[],"_links":{"self":[{"href":"https:\/\/grupotextil.es\/ca\/wp-json\/wp\/v2\/product\/338594","targetHints":{"allow":["GET"]}}],"collection":[{"href":"https:\/\/grupotextil.es\/ca\/wp-json\/wp\/v2\/product"}],"about":[{"href":"https:\/\/grupotextil.es\/ca\/wp-json\/wp\/v2\/types\/product"}],"replies":[{"embeddable":true,"href":"https:\/\/grupotextil.es\/ca\/wp-json\/wp\/v2\/comments?post=338594"}],"wp:featuredmedia":[{"embeddable":true,"href":"https:\/\/grupotextil.es\/ca\/wp-json\/wp\/v2\/media\/338595"}],"wp:attachment":[{"href":"https:\/\/grupotextil.es\/ca\/wp-json\/wp\/v2\/media?parent=338594"}],"wp:term":[{"taxonomy":"product_brand","embeddable":true,"href":"https:\/\/grupotextil.es\/ca\/wp-json\/wp\/v2\/product_brand?post=338594"},{"taxonomy":"product_cat","embeddable":true,"href":"https:\/\/grupotextil.es\/ca\/wp-json\/wp\/v2\/product_cat?post=338594"},{"taxonomy":"product_tag","embeddable":true,"href":"https:\/\/grupotextil.es\/ca\/wp-json\/wp\/v2\/product_tag?post=338594"}],"curies":[{"name":"wp","href":"https:\/\/api.w.org\/{rel}","templated":true}]}}