{"id":338702,"date":"2026-03-06T01:48:03","date_gmt":"2026-03-06T01:48:03","guid":{"rendered":"https:\/\/grupotextil.es\/?post_type=product&#038;p=338702"},"modified":"2026-03-06T01:48:03","modified_gmt":"2026-03-06T01:48:03","slug":"cortavientos-con-capucha-valento-quincy","status":"publish","type":"product","link":"https:\/\/grupotextil.es\/ca\/product\/cortavientos-con-capucha-valento-quincy\/","title":{"rendered":"Cortavientos con capucha VALENTO QUINCY"},"content":{"rendered":"<div class=\"product-description\">\n<div class=\"article_characteristics\">\n<ul style=\"margin-block-start: 0;\" >\n<li><b>Cortavientos<\/b> <b>con capucha<\/b>.<\/li>\n<li>Confeccionado con doble <b>tejido transpirable<\/b> por ambas caras: exterior <b>microfibra<\/b> cuadrill\u00e9 ligera con acabado hidro-repelente e interior de rejilla que favorece la ventilaci\u00f3n.<\/li>\n<li>Cierre central de cremallera y capucha de doble capa con cord\u00f3n regulador para un mejor ajuste y mayor confort.<\/li>\n<li>Pu\u00f1os y bajo con vivo el\u00e1stico que se ajusta c\u00f3modamente.<\/li>\n<li>Dos bolsillos oblicuos con cremallera para tener todo accesible.<\/li>\n<li>Incluye cremallera interior trasera para facilitar los diferentes tipos de marcaje: serigraf\u00eda, transfer, vinilo, bordados, cosidos.<\/li>\n<li>Ideal como <b>ropa deportiva<\/b> y actividades en la naturaleza.<\/li>\n<\/ul><\/div>\n<\/div>\n<div class=\"product-pdf\">\n<p><a href=\"https:\/\/valento.es\/?service=ServeDocuments&amp;function=serve_datasheet&amp;article_ref=CVVAQUI\" target=\"_blank\" rel=\"noopener\">Descargar ficha t\u00e9cnica (PDF)<\/a><\/p>\n<\/div>","protected":false},"excerpt":{"rendered":"<p>Cortavientos con capucha VALENTO QUINCY de Valento. Disponible en la categor\u00eda Running. Env\u00edo r\u00e1pido 24\/48h.<\/p>","protected":false},"featured_media":338703,"comment_status":"open","ping_status":"closed","template":"","meta":{"_acf_changed":false},"product_brand":[11282],"product_cat":[13981,13990,13939,13974,13975,13973],"product_tag":[],"class_list":{"0":"post-338702","1":"product","2":"type-product","3":"status-publish","4":"has-post-thumbnail","6":"product_brand-valento","7":"product_cat-h-chaquetas-y-abrigos","8":"product_cat-m-chaquetas-y-abrigos","9":"product_cat-deportivo","10":"product_cat-ropa-hombre","11":"product_cat-ropa-mujer","12":"product_cat-ropa","13":"tm-no-options","15":"first","16":"instock","17":"taxable","18":"shipping-taxable","19":"product-type-variable"},"acf":[],"_links":{"self":[{"href":"https:\/\/grupotextil.es\/ca\/wp-json\/wp\/v2\/product\/338702","targetHints":{"allow":["GET"]}}],"collection":[{"href":"https:\/\/grupotextil.es\/ca\/wp-json\/wp\/v2\/product"}],"about":[{"href":"https:\/\/grupotextil.es\/ca\/wp-json\/wp\/v2\/types\/product"}],"replies":[{"embeddable":true,"href":"https:\/\/grupotextil.es\/ca\/wp-json\/wp\/v2\/comments?post=338702"}],"wp:featuredmedia":[{"embeddable":true,"href":"https:\/\/grupotextil.es\/ca\/wp-json\/wp\/v2\/media\/338703"}],"wp:attachment":[{"href":"https:\/\/grupotextil.es\/ca\/wp-json\/wp\/v2\/media?parent=338702"}],"wp:term":[{"taxonomy":"product_brand","embeddable":true,"href":"https:\/\/grupotextil.es\/ca\/wp-json\/wp\/v2\/product_brand?post=338702"},{"taxonomy":"product_cat","embeddable":true,"href":"https:\/\/grupotextil.es\/ca\/wp-json\/wp\/v2\/product_cat?post=338702"},{"taxonomy":"product_tag","embeddable":true,"href":"https:\/\/grupotextil.es\/ca\/wp-json\/wp\/v2\/product_tag?post=338702"}],"curies":[{"name":"wp","href":"https:\/\/api.w.org\/{rel}","templated":true}]}}