{"id":338753,"date":"2026-03-06T01:48:05","date_gmt":"2026-03-06T01:48:05","guid":{"rendered":"https:\/\/grupotextil.es\/?post_type=product&#038;p=338753"},"modified":"2026-03-06T01:48:05","modified_gmt":"2026-03-06T01:48:05","slug":"chaleco-deportivo-transpirable-valento-lightron","status":"publish","type":"product","link":"https:\/\/grupotextil.es\/ca\/product\/chaleco-deportivo-transpirable-valento-lightron\/","title":{"rendered":"Chaleco deportivo transpirable VALENTO LIGHTRON"},"content":{"rendered":"<div class=\"product-description\">\n<div class=\"article_characteristics\">\n<ul style=\"margin-block-start: 0;\" >\n<li><b>Chaleco<\/b> <b>deportivo<\/b> ligero.<\/li>\n<li>Confeccionado con tejido hidro-repelente Rip-Stop en la parte delantera y <b>tejido transpirable<\/b> de rejilla que favorece la ventilaci\u00f3n en la parte trasera.<\/li>\n<li>Cuello alto con cierre de <b>cremallera entera<\/b> que incluye protector de barbilla para mayor comodidad.<\/li>\n<li>Dos bolsillos oblicuos en cintura con cierre de cremallera para tener todo accesible.<\/li>\n<li>Sisas y bajo con vivo el\u00e1stico para un mejor ajuste.<\/li>\n<li>M\u00e9todos id\u00f3neos de marcaje: serigraf\u00eda, transfer, vinilo, bordados, cosidos.<\/li>\n<li>Ideal como <b>textil promocional<\/b>, <b>ropa deportiva<\/b>, pr\u00e1ctica de <b>running<\/b> y actividades en exteriores.<\/li>\n<\/ul><\/div>\n<\/div>\n<div class=\"product-pdf\">\n<p><a href=\"https:\/\/valento.es\/?service=ServeDocuments&amp;function=serve_datasheet&amp;article_ref=CHVALIG\" target=\"_blank\" rel=\"noopener\">Descargar ficha t\u00e9cnica (PDF)<\/a><\/p>\n<\/div>","protected":false},"excerpt":{"rendered":"<p>Chaleco deportivo transpirable VALENTO LIGHTRON de Valento. Disponible en la categor\u00eda Running. Env\u00edo r\u00e1pido 24\/48h.<\/p>","protected":false},"featured_media":338754,"comment_status":"open","ping_status":"closed","template":"","meta":{"_acf_changed":false},"product_brand":[11282],"product_cat":[13982,13991,13974,13975,13973],"product_tag":[],"class_list":{"0":"post-338753","1":"product","2":"type-product","3":"status-publish","4":"has-post-thumbnail","6":"product_brand-valento","7":"product_cat-h-chalecos","8":"product_cat-m-chalecos","9":"product_cat-ropa-hombre","10":"product_cat-ropa-mujer","11":"product_cat-ropa","12":"tm-no-options","14":"first","15":"instock","16":"taxable","17":"shipping-taxable","18":"product-type-variable"},"acf":[],"_links":{"self":[{"href":"https:\/\/grupotextil.es\/ca\/wp-json\/wp\/v2\/product\/338753","targetHints":{"allow":["GET"]}}],"collection":[{"href":"https:\/\/grupotextil.es\/ca\/wp-json\/wp\/v2\/product"}],"about":[{"href":"https:\/\/grupotextil.es\/ca\/wp-json\/wp\/v2\/types\/product"}],"replies":[{"embeddable":true,"href":"https:\/\/grupotextil.es\/ca\/wp-json\/wp\/v2\/comments?post=338753"}],"wp:featuredmedia":[{"embeddable":true,"href":"https:\/\/grupotextil.es\/ca\/wp-json\/wp\/v2\/media\/338754"}],"wp:attachment":[{"href":"https:\/\/grupotextil.es\/ca\/wp-json\/wp\/v2\/media?parent=338753"}],"wp:term":[{"taxonomy":"product_brand","embeddable":true,"href":"https:\/\/grupotextil.es\/ca\/wp-json\/wp\/v2\/product_brand?post=338753"},{"taxonomy":"product_cat","embeddable":true,"href":"https:\/\/grupotextil.es\/ca\/wp-json\/wp\/v2\/product_cat?post=338753"},{"taxonomy":"product_tag","embeddable":true,"href":"https:\/\/grupotextil.es\/ca\/wp-json\/wp\/v2\/product_tag?post=338753"}],"curies":[{"name":"wp","href":"https:\/\/api.w.org\/{rel}","templated":true}]}}