{"id":338873,"date":"2026-03-06T01:48:12","date_gmt":"2026-03-06T01:48:12","guid":{"rendered":"https:\/\/grupotextil.es\/?post_type=product&#038;p=338873"},"modified":"2026-03-06T01:48:12","modified_gmt":"2026-03-06T01:48:12","slug":"cortavientos-transpirable-valento-canfranc","status":"publish","type":"product","link":"https:\/\/grupotextil.es\/ca\/product\/cortavientos-transpirable-valento-canfranc\/","title":{"rendered":"Cortavientos transpirable VALENTO CANFRANC"},"content":{"rendered":"<div class=\"product-description\">\n<div class=\"article_characteristics\">\n<ul style=\"margin-block-start: 0;\" >\n<li><b>Cortavientos<\/b> <b>transpirable<\/b>.<\/li>\n<li>Confeccionado en <b>tejido <b>transpirable<\/b><\/b> y <b>bi-el\u00e1stico<\/b> de poli\u00e9ster con elastano que favorece la movilidad, incluye abertura con rejilla en la espalda y sisas que facilita la ventilaci\u00f3n.<\/li>\n<li>Cuello alto con <b>cremallera entera<\/b> y protector de barbilla para mayor comodidad.<\/li>\n<li>Bajo recto y mangas con vivo el\u00e1stico para un mejor ajuste y mayor confort.<\/li>\n<li>Dos bolsillos oblicuos con cremallera para tener todo accesible.<\/li>\n<li>M\u00e9todos id\u00f3neos de marcaje: serigraf\u00eda, transfer, vinilo.<\/li>\n<li>Ideal para la pr\u00e1ctica de <b>running<\/b> y deportes al aire libre.<\/li>\n<\/ul><\/div>\n<\/div>\n<div class=\"product-pdf\">\n<p><a href=\"https:\/\/valento.es\/?service=ServeDocuments&amp;function=serve_datasheet&amp;article_ref=CVVACAN\" target=\"_blank\" rel=\"noopener\">Descargar ficha t\u00e9cnica (PDF)<\/a><\/p>\n<\/div>","protected":false},"excerpt":{"rendered":"<p>Cortavientos transpirable VALENTO CANFRANC de Valento. Disponible en la categor\u00eda Running. Env\u00edo r\u00e1pido 24\/48h.<\/p>","protected":false},"featured_media":338874,"comment_status":"open","ping_status":"closed","template":"","meta":{"_acf_changed":false},"product_brand":[11282],"product_cat":[13981,13990,13939,13974,13975,13973],"product_tag":[],"class_list":{"0":"post-338873","1":"product","2":"type-product","3":"status-publish","4":"has-post-thumbnail","6":"product_brand-valento","7":"product_cat-h-chaquetas-y-abrigos","8":"product_cat-m-chaquetas-y-abrigos","9":"product_cat-deportivo","10":"product_cat-ropa-hombre","11":"product_cat-ropa-mujer","12":"product_cat-ropa","13":"tm-no-options","15":"first","16":"instock","17":"taxable","18":"shipping-taxable","19":"product-type-variable"},"acf":[],"_links":{"self":[{"href":"https:\/\/grupotextil.es\/ca\/wp-json\/wp\/v2\/product\/338873","targetHints":{"allow":["GET"]}}],"collection":[{"href":"https:\/\/grupotextil.es\/ca\/wp-json\/wp\/v2\/product"}],"about":[{"href":"https:\/\/grupotextil.es\/ca\/wp-json\/wp\/v2\/types\/product"}],"replies":[{"embeddable":true,"href":"https:\/\/grupotextil.es\/ca\/wp-json\/wp\/v2\/comments?post=338873"}],"wp:featuredmedia":[{"embeddable":true,"href":"https:\/\/grupotextil.es\/ca\/wp-json\/wp\/v2\/media\/338874"}],"wp:attachment":[{"href":"https:\/\/grupotextil.es\/ca\/wp-json\/wp\/v2\/media?parent=338873"}],"wp:term":[{"taxonomy":"product_brand","embeddable":true,"href":"https:\/\/grupotextil.es\/ca\/wp-json\/wp\/v2\/product_brand?post=338873"},{"taxonomy":"product_cat","embeddable":true,"href":"https:\/\/grupotextil.es\/ca\/wp-json\/wp\/v2\/product_cat?post=338873"},{"taxonomy":"product_tag","embeddable":true,"href":"https:\/\/grupotextil.es\/ca\/wp-json\/wp\/v2\/product_tag?post=338873"}],"curies":[{"name":"wp","href":"https:\/\/api.w.org\/{rel}","templated":true}]}}