{"id":340993,"date":"2026-03-06T01:48:44","date_gmt":"2026-03-06T01:48:44","guid":{"rendered":"https:\/\/grupotextil.es\/?post_type=product&#038;p=340993"},"modified":"2026-03-06T01:48:44","modified_gmt":"2026-03-06T01:48:44","slug":"chaqueta-softshell-multibolsillos-valento-athabasca","status":"publish","type":"product","link":"https:\/\/grupotextil.es\/ca\/product\/chaqueta-softshell-multibolsillos-valento-athabasca\/","title":{"rendered":"Chaqueta softshell multibolsillos VALENTO ATHABASCA"},"content":{"rendered":"<div class=\"product-description\">\n<div class=\"article_characteristics\">\n<ul style=\"margin-block-start: 0;\" >\n<li><b>Chaqueta<\/b> <b>softshell<\/b> <b>multibolsillos<\/b> con dise\u00f1o <b>bicolor<\/b>.<\/li>\n<li>Confeccionada en tejido <b>softshell<\/b> el\u00e1stico de tres capas (exterior plano hidr\u00f3fugo, intermedia transpirable e interior micro polar) con efecto cortavientos, hidro-repelente y alta retenci\u00f3n t\u00e9rmica, refuerzos <b>softshell<\/b> en coderas que aumentan su durabilidad en las zonas de mayor desgaste.<\/li>\n<li>Cuello alto de doble capa con <b>cremallera entera<\/b> y protege barbilla para mayor calidez y confort.<\/li>\n<li>Pu\u00f1os regulables mediante cierre de goma con funci\u00f3n gancho (mushroom system) y bajo recto con cord\u00f3n el\u00e1stico y freno para mejor ajuste.<\/li>\n<li>Dos bolsillos laterales y uno en pecho izquierdo, todos verticales con interior polar y cremallera para tener todo accesible, incluye otro bolsillo en manga izquierda para guardar el m\u00f3vil o accesorios.<\/li>\n<li>M\u00e9todos id\u00f3neos de marcaje: bordados, cosidos y termo-adhesivos anti-sublimaci\u00f3n.<\/li>\n<li>Ideal como <b>ropa laboral<\/b>, <b>ropa deportiva<\/b> y <b>textil promocional<\/b>.<\/li>\n<\/ul><\/div>\n<\/div>\n<div class=\"product-pdf\">\n<p><a href=\"https:\/\/valento.es\/?service=ServeDocuments&amp;function=serve_datasheet&amp;article_ref=CQVAATH\" target=\"_blank\" rel=\"noopener\">Descargar ficha t\u00e9cnica (PDF)<\/a><\/p>\n<\/div>","protected":false},"excerpt":{"rendered":"<p>Chaqueta softshell multibolsillos VALENTO ATHABASCA de Valento. Disponible en la categor\u00eda Softshell. Env\u00edo r\u00e1pido 24\/48h.<\/p>","protected":false},"featured_media":340994,"comment_status":"open","ping_status":"closed","template":"","meta":{"_acf_changed":false},"product_brand":[11282],"product_cat":[13981,13990,13974,13975,13973],"product_tag":[],"class_list":{"0":"post-340993","1":"product","2":"type-product","3":"status-publish","4":"has-post-thumbnail","6":"product_brand-valento","7":"product_cat-h-chaquetas-y-abrigos","8":"product_cat-m-chaquetas-y-abrigos","9":"product_cat-ropa-hombre","10":"product_cat-ropa-mujer","11":"product_cat-ropa","12":"tm-no-options","14":"first","15":"instock","16":"taxable","17":"shipping-taxable","18":"product-type-variable"},"acf":[],"_links":{"self":[{"href":"https:\/\/grupotextil.es\/ca\/wp-json\/wp\/v2\/product\/340993","targetHints":{"allow":["GET"]}}],"collection":[{"href":"https:\/\/grupotextil.es\/ca\/wp-json\/wp\/v2\/product"}],"about":[{"href":"https:\/\/grupotextil.es\/ca\/wp-json\/wp\/v2\/types\/product"}],"replies":[{"embeddable":true,"href":"https:\/\/grupotextil.es\/ca\/wp-json\/wp\/v2\/comments?post=340993"}],"wp:featuredmedia":[{"embeddable":true,"href":"https:\/\/grupotextil.es\/ca\/wp-json\/wp\/v2\/media\/340994"}],"wp:attachment":[{"href":"https:\/\/grupotextil.es\/ca\/wp-json\/wp\/v2\/media?parent=340993"}],"wp:term":[{"taxonomy":"product_brand","embeddable":true,"href":"https:\/\/grupotextil.es\/ca\/wp-json\/wp\/v2\/product_brand?post=340993"},{"taxonomy":"product_cat","embeddable":true,"href":"https:\/\/grupotextil.es\/ca\/wp-json\/wp\/v2\/product_cat?post=340993"},{"taxonomy":"product_tag","embeddable":true,"href":"https:\/\/grupotextil.es\/ca\/wp-json\/wp\/v2\/product_tag?post=340993"}],"curies":[{"name":"wp","href":"https:\/\/api.w.org\/{rel}","templated":true}]}}