{"id":345232,"date":"2026-03-06T01:49:56","date_gmt":"2026-03-06T01:49:56","guid":{"rendered":"https:\/\/grupotextil.es\/?post_type=product&#038;p=345232"},"modified":"2026-03-06T01:49:56","modified_gmt":"2026-03-06T01:49:56","slug":"chaqueta-aterciopelada-de-mujer-valento-jenny","status":"publish","type":"product","link":"https:\/\/grupotextil.es\/ca\/product\/chaqueta-aterciopelada-de-mujer-valento-jenny\/","title":{"rendered":"Chaqueta aterciopelada de mujer VALENTO JENNY"},"content":{"rendered":"<div class=\"product-description\">\n<div class=\"article_characteristics\">\n<ul style=\"margin-block-start: 0;\" >\n<li><b>Sudadera con capucha<\/b> y <b>cremallera entera<\/b> para <b>mujer<\/b>.<\/li>\n<li>Confeccionada en tejido velour <b>de terciopelo<\/b> en su cara exterior y plano en su cara interior, de tacto suave y agradable.<\/li>\n<li>Capucha con cord\u00f3n regulador, para un mejor ajuste, y tejido de rejilla en su interior que aporta ventilaci\u00f3n.<\/li>\n<li>Pu\u00f1os y bajo de canal\u00e9 el\u00e1stico que se adapta c\u00f3modamente.<\/li>\n<li>Dos <b>bolsillos<\/b> para tener todo accesible.<\/li>\n<li>M\u00e9todos id\u00f3neos de marcaje: bordados, cosidos.<\/li>\n<li>Ideal como <b>ropa deportiva<\/b> y <b>ropa casual<\/b>, tambi\u00e9n para combinar con el pantal\u00f3n PATY (se venden por separado).<\/li>\n<\/ul><\/div>\n<\/div>\n<div class=\"product-pdf\">\n<p><a href=\"https:\/\/valento.es\/?service=ServeDocuments&amp;function=serve_datasheet&amp;article_ref=SUVAJEN\" target=\"_blank\" rel=\"noopener\">Descargar ficha t\u00e9cnica (PDF)<\/a><\/p>\n<\/div>","protected":false},"excerpt":{"rendered":"<p>Chaqueta aterciopelada de mujer VALENTO JENNY de Valento. Disponible en la categor\u00eda Sudaderas. Env\u00edo r\u00e1pido 24\/48h.<\/p>","protected":false},"featured_media":345233,"comment_status":"open","ping_status":"closed","template":"","meta":{"_acf_changed":false},"product_brand":[11282],"product_cat":[13974,13975,13973,13980,13989],"product_tag":[],"class_list":{"0":"post-345232","1":"product","2":"type-product","3":"status-publish","4":"has-post-thumbnail","6":"product_brand-valento","7":"product_cat-ropa-hombre","8":"product_cat-ropa-mujer","9":"product_cat-ropa","10":"product_cat-h-sudaderas","11":"product_cat-m-sudaderas","12":"tm-no-options","14":"first","15":"instock","16":"taxable","17":"shipping-taxable","18":"product-type-variable"},"acf":[],"_links":{"self":[{"href":"https:\/\/grupotextil.es\/ca\/wp-json\/wp\/v2\/product\/345232","targetHints":{"allow":["GET"]}}],"collection":[{"href":"https:\/\/grupotextil.es\/ca\/wp-json\/wp\/v2\/product"}],"about":[{"href":"https:\/\/grupotextil.es\/ca\/wp-json\/wp\/v2\/types\/product"}],"replies":[{"embeddable":true,"href":"https:\/\/grupotextil.es\/ca\/wp-json\/wp\/v2\/comments?post=345232"}],"wp:featuredmedia":[{"embeddable":true,"href":"https:\/\/grupotextil.es\/ca\/wp-json\/wp\/v2\/media\/345233"}],"wp:attachment":[{"href":"https:\/\/grupotextil.es\/ca\/wp-json\/wp\/v2\/media?parent=345232"}],"wp:term":[{"taxonomy":"product_brand","embeddable":true,"href":"https:\/\/grupotextil.es\/ca\/wp-json\/wp\/v2\/product_brand?post=345232"},{"taxonomy":"product_cat","embeddable":true,"href":"https:\/\/grupotextil.es\/ca\/wp-json\/wp\/v2\/product_cat?post=345232"},{"taxonomy":"product_tag","embeddable":true,"href":"https:\/\/grupotextil.es\/ca\/wp-json\/wp\/v2\/product_tag?post=345232"}],"curies":[{"name":"wp","href":"https:\/\/api.w.org\/{rel}","templated":true}]}}