{"id":345367,"date":"2026-03-06T01:50:13","date_gmt":"2026-03-06T01:50:13","guid":{"rendered":"https:\/\/grupotextil.es\/?post_type=product&#038;p=345367"},"modified":"2026-03-06T01:50:13","modified_gmt":"2026-03-06T01:50:13","slug":"toalla-de-microfibra-valento-crawl","status":"publish","type":"product","link":"https:\/\/grupotextil.es\/ca\/product\/toalla-de-microfibra-valento-crawl\/","title":{"rendered":"Toalla de microfibra VALENTO CRAWL"},"content":{"rendered":"<div class=\"product-description\">\n<div class=\"article_characteristics\">\n<ul style=\"margin-block-start: 0;\" >\n<li><b>Toalla<\/b> de <b>microfibra<\/b>, tama\u00f1o XL.<\/li>\n<li>Confeccionada en tejido ligero de <b>microfibra<\/b> fina y absorbente que facilita el <b>secado r\u00e1pido<\/b>.<\/li>\n<li>Textura lisa y compacta que permite guardarla en muy poco espacio.<\/li>\n<li>Contorno decorativo sobrehilado que aumenta su durabilidad.<\/li>\n<li>M\u00e9todos id\u00f3neos de marcaje: <b>sublimaci\u00f3n<\/b> sobre color blanco, serigraf\u00eda, vinilo, bordados, cosidos.<\/li>\n<li>Ideal como <b>regalo promocional<\/b>, uso <b>deportivo<\/b> y ba\u00f1o en piscina o playa.<\/li>\n<\/ul><\/div>\n<\/div>\n<div class=\"product-pdf\">\n<p><a href=\"https:\/\/valento.es\/?service=ServeDocuments&amp;function=serve_datasheet&amp;article_ref=TOVACRA\" target=\"_blank\" rel=\"noopener\">Descargar ficha t\u00e9cnica (PDF)<\/a><\/p>\n<\/div>","protected":false},"excerpt":{"rendered":"<p>Toalla de microfibra VALENTO CRAWL de Valento. Disponible en la categor\u00eda Toallas Y Albornoces. Env\u00edo r\u00e1pido 24\/48h.<\/p>","protected":false},"featured_media":345368,"comment_status":"open","ping_status":"closed","template":"","meta":{"_acf_changed":false},"product_brand":[11282],"product_cat":[13974,13975,13970],"product_tag":[],"class_list":{"0":"post-345367","1":"product","2":"type-product","3":"status-publish","4":"has-post-thumbnail","6":"product_brand-valento","7":"product_cat-ropa-hombre","8":"product_cat-ropa-mujer","9":"product_cat-toallas-y-textil-hogar","10":"tm-no-options","12":"first","13":"instock","14":"taxable","15":"shipping-taxable","16":"product-type-variable"},"acf":[],"_links":{"self":[{"href":"https:\/\/grupotextil.es\/ca\/wp-json\/wp\/v2\/product\/345367","targetHints":{"allow":["GET"]}}],"collection":[{"href":"https:\/\/grupotextil.es\/ca\/wp-json\/wp\/v2\/product"}],"about":[{"href":"https:\/\/grupotextil.es\/ca\/wp-json\/wp\/v2\/types\/product"}],"replies":[{"embeddable":true,"href":"https:\/\/grupotextil.es\/ca\/wp-json\/wp\/v2\/comments?post=345367"}],"wp:featuredmedia":[{"embeddable":true,"href":"https:\/\/grupotextil.es\/ca\/wp-json\/wp\/v2\/media\/345368"}],"wp:attachment":[{"href":"https:\/\/grupotextil.es\/ca\/wp-json\/wp\/v2\/media?parent=345367"}],"wp:term":[{"taxonomy":"product_brand","embeddable":true,"href":"https:\/\/grupotextil.es\/ca\/wp-json\/wp\/v2\/product_brand?post=345367"},{"taxonomy":"product_cat","embeddable":true,"href":"https:\/\/grupotextil.es\/ca\/wp-json\/wp\/v2\/product_cat?post=345367"},{"taxonomy":"product_tag","embeddable":true,"href":"https:\/\/grupotextil.es\/ca\/wp-json\/wp\/v2\/product_tag?post=345367"}],"curies":[{"name":"wp","href":"https:\/\/api.w.org\/{rel}","templated":true}]}}