{"id":346070,"date":"2026-03-06T01:51:12","date_gmt":"2026-03-06T01:51:12","guid":{"rendered":"https:\/\/grupotextil.es\/?post_type=product&#038;p=346070"},"modified":"2026-03-06T01:51:12","modified_gmt":"2026-03-06T01:51:12","slug":"pantalon-de-lluvia-visibilidad-realzada-valento-donnelly","status":"publish","type":"product","link":"https:\/\/grupotextil.es\/ca\/product\/pantalon-de-lluvia-visibilidad-realzada-valento-donnelly\/","title":{"rendered":"Pantal\u00f3n de LLuvia Visibilidad Realzada VALENTO DONNELLY"},"content":{"rendered":"<div class=\"product-description\">\n<div class=\"article_characteristics\">\n<ul style=\"margin-block-start: 0;\" >\n<li>Cubre <b>pantal\u00f3n impermeable<\/b> de <b>Visibilidad Realzada<\/b>.<\/li>\n<li>Confeccionado en <b>tejido impermeable<\/b> Canvas exterior y forro liso interior, incluye dos <b>cintas retro-reflectantes<\/b> termo-fijadas en las perneras para mayor seguridad sin perder libertad de movimiento.<\/li>\n<li>Prenda certificada como EPI de Categor\u00eda II de <b>Visibilidad Realzada<\/b> en base a las normas 13688 y 17353, tipo B2 para visibilidad nocturna, con duraci\u00f3n m\u00e1xima de 50 lavados.<\/li>\n<li>Cintura fruncida con goma el\u00e1stica para un mejor ajuste y aberturas laterales en caderas que permiten el acceso a los bolsillos del pantal\u00f3n interior.<\/li>\n<li>Costuras termo-selladas para evitar filtraciones de agua y mantener el cuerpo seco ante la lluvia.<\/li>\n<li>M\u00e9todos id\u00f3neos de marcaje: serigraf\u00eda, transfer, vinilo.<\/li>\n<li>Ideal como <b>ropa laboral<\/b> y <b>uniformes de trabajo<\/b>, prenda a juego con la <b>chaqueta impermeable<\/b> de <b>Visibilidad Realzada<\/b> FERGUSON, se venden por separado.<\/li>\n<\/ul><\/div>\n<\/div>\n<div class=\"product-pdf\">\n<p><a href=\"https:\/\/valento.es\/?service=ServeDocuments&amp;function=serve_datasheet&amp;article_ref=PAVADON\" target=\"_blank\" rel=\"noopener\">Descargar ficha t\u00e9cnica (PDF)<\/a><\/p>\n<\/div>","protected":false},"excerpt":{"rendered":"<p>Pantal\u00f3n de LLuvia Visibilidad Realzada VALENTO DONNELLY de Valento. Disponible en la categor\u00eda Visibilidad Realzada. Env\u00edo r\u00e1pido 24\/48h.<\/p>","protected":false},"featured_media":346071,"comment_status":"open","ping_status":"closed","template":"","meta":{"_acf_changed":false},"product_brand":[11282],"product_cat":[13974,13975,13992,13983,13973],"product_tag":[],"class_list":{"0":"post-346070","1":"product","2":"type-product","3":"status-publish","4":"has-post-thumbnail","6":"product_brand-valento","7":"product_cat-ropa-hombre","8":"product_cat-ropa-mujer","9":"product_cat-m-pantalones","10":"product_cat-h-pantalones","11":"product_cat-ropa","12":"tm-no-options","14":"first","15":"instock","16":"taxable","17":"shipping-taxable","18":"product-type-variable"},"acf":[],"_links":{"self":[{"href":"https:\/\/grupotextil.es\/ca\/wp-json\/wp\/v2\/product\/346070","targetHints":{"allow":["GET"]}}],"collection":[{"href":"https:\/\/grupotextil.es\/ca\/wp-json\/wp\/v2\/product"}],"about":[{"href":"https:\/\/grupotextil.es\/ca\/wp-json\/wp\/v2\/types\/product"}],"replies":[{"embeddable":true,"href":"https:\/\/grupotextil.es\/ca\/wp-json\/wp\/v2\/comments?post=346070"}],"wp:featuredmedia":[{"embeddable":true,"href":"https:\/\/grupotextil.es\/ca\/wp-json\/wp\/v2\/media\/346071"}],"wp:attachment":[{"href":"https:\/\/grupotextil.es\/ca\/wp-json\/wp\/v2\/media?parent=346070"}],"wp:term":[{"taxonomy":"product_brand","embeddable":true,"href":"https:\/\/grupotextil.es\/ca\/wp-json\/wp\/v2\/product_brand?post=346070"},{"taxonomy":"product_cat","embeddable":true,"href":"https:\/\/grupotextil.es\/ca\/wp-json\/wp\/v2\/product_cat?post=346070"},{"taxonomy":"product_tag","embeddable":true,"href":"https:\/\/grupotextil.es\/ca\/wp-json\/wp\/v2\/product_tag?post=346070"}],"curies":[{"name":"wp","href":"https:\/\/api.w.org\/{rel}","templated":true}]}}