{"id":346479,"date":"2026-03-08T01:30:02","date_gmt":"2026-03-08T00:30:02","guid":{"rendered":"https:\/\/grupotextil.es\/producto\/camiseta-inspire-e150-women\/"},"modified":"2026-03-08T01:30:02","modified_gmt":"2026-03-08T00:30:02","slug":"camiseta-inspire-e150-women","status":"publish","type":"product","link":"https:\/\/grupotextil.es\/ca\/product\/camiseta-inspire-e150-women\/","title":{"rendered":"T-Shirt #inspire E150 \/Women"},"content":{"rendered":"<ul>\n<li>145 g\/m\u00b2<\/li>\n<li>100% algod\u00f3n (peinado ring-spun, certificado org\u00e1nico u org\u00e1nico en conversi\u00f3n)<\/li>\n<li>Heather grey: 90% algod\u00f3n, 10% viscosa<\/li>\n<li>Superficie lisa y uniforme para mejores resultados de impresi\u00f3n<\/li>\n<li>Cuello en canal\u00e9<\/li>\n<li>Cuello encintado<\/li>\n<li>Costuras laterales<\/li>\n<li>Sistema B&amp;C No Label, perfecto para re-etiquetar<\/li>\n<li>Corte regular.<\/li>\n<\/ul>","protected":false},"excerpt":{"rendered":"<p>145 g\/m\u00b2100% algod\u00f3n (peinado ring-spun, certificado org\u00e1nico u org\u00e1nico en conversi\u00f3n)Heather grey: 90% algod\u00f3n, 10% viscosaSuperficie lisa y uniforme para mejores resultados de impresi\u00f3nCuello en&#8230;<\/p>","protected":false},"featured_media":405169,"comment_status":"open","ping_status":"closed","template":"","meta":{"_acf_changed":false},"product_brand":[11653],"product_cat":[13986,13974,13932,13975,13979,13973],"product_tag":[],"class_list":{"0":"post-346479","1":"product","2":"type-product","3":"status-publish","4":"has-post-thumbnail","6":"product_brand-b-c","7":"product_cat-m-camisetas-manga-corta","8":"product_cat-ropa-hombre","9":"product_cat-hosteleria-horeca","10":"product_cat-ropa-mujer","11":"product_cat-h-polos","12":"product_cat-ropa","13":"tm-no-options","15":"first","16":"instock","17":"taxable","18":"shipping-taxable","19":"product-type-variable"},"acf":[],"_links":{"self":[{"href":"https:\/\/grupotextil.es\/ca\/wp-json\/wp\/v2\/product\/346479","targetHints":{"allow":["GET"]}}],"collection":[{"href":"https:\/\/grupotextil.es\/ca\/wp-json\/wp\/v2\/product"}],"about":[{"href":"https:\/\/grupotextil.es\/ca\/wp-json\/wp\/v2\/types\/product"}],"replies":[{"embeddable":true,"href":"https:\/\/grupotextil.es\/ca\/wp-json\/wp\/v2\/comments?post=346479"}],"wp:featuredmedia":[{"embeddable":true,"href":"https:\/\/grupotextil.es\/ca\/wp-json\/wp\/v2\/media\/405169"}],"wp:attachment":[{"href":"https:\/\/grupotextil.es\/ca\/wp-json\/wp\/v2\/media?parent=346479"}],"wp:term":[{"taxonomy":"product_brand","embeddable":true,"href":"https:\/\/grupotextil.es\/ca\/wp-json\/wp\/v2\/product_brand?post=346479"},{"taxonomy":"product_cat","embeddable":true,"href":"https:\/\/grupotextil.es\/ca\/wp-json\/wp\/v2\/product_cat?post=346479"},{"taxonomy":"product_tag","embeddable":true,"href":"https:\/\/grupotextil.es\/ca\/wp-json\/wp\/v2\/product_tag?post=346479"}],"curies":[{"name":"wp","href":"https:\/\/api.w.org\/{rel}","templated":true}]}}