{"id":346680,"date":"2026-03-08T01:30:10","date_gmt":"2026-03-08T00:30:10","guid":{"rendered":"https:\/\/grupotextil.es\/producto\/polo-coolweave-contrast\/"},"modified":"2026-03-08T01:30:10","modified_gmt":"2026-03-08T00:30:10","slug":"polo-coolweave-contrast","status":"publish","type":"product","link":"https:\/\/grupotextil.es\/ca\/product\/polo-coolweave-contrast\/","title":{"rendered":"Polo Coolweave Contrast"},"content":{"rendered":"<ul>\n<li>100% poli\u00e9ster (piqu\u00e9) reciclado parcialmente<\/li>\n<li>Secado r\u00e1pido<\/li>\n<li>Absorbe la humedad<\/li>\n<li>Cuello en canal\u00e9 con tapeta de 3 botones<\/li>\n<li>Cuello y cinta de hombros en contraste<\/li>\n<li>Aberturas laterales.<\/li>\n<\/ul>","protected":false},"excerpt":{"rendered":"<p>100% poli\u00e9ster (piqu\u00e9) reciclado parcialmenteSecado r\u00e1pidoAbsorbe la humedadCuello en canal\u00e9 con tapeta de 3 botonesCuello y cinta de hombros en contrasteAberturas laterales.<\/p>","protected":false},"featured_media":405229,"comment_status":"open","ping_status":"closed","template":"","meta":{"_acf_changed":false},"product_brand":[11656],"product_cat":[13986,13974,13932,13975,13979,13973],"product_tag":[],"class_list":{"0":"post-346680","1":"product","2":"type-product","3":"status-publish","4":"has-post-thumbnail","6":"product_brand-regatta","7":"product_cat-m-camisetas-manga-corta","8":"product_cat-ropa-hombre","9":"product_cat-hosteleria-horeca","10":"product_cat-ropa-mujer","11":"product_cat-h-polos","12":"product_cat-ropa","13":"tm-no-options","15":"first","16":"instock","17":"taxable","18":"shipping-taxable","19":"product-type-variable"},"acf":[],"_links":{"self":[{"href":"https:\/\/grupotextil.es\/ca\/wp-json\/wp\/v2\/product\/346680","targetHints":{"allow":["GET"]}}],"collection":[{"href":"https:\/\/grupotextil.es\/ca\/wp-json\/wp\/v2\/product"}],"about":[{"href":"https:\/\/grupotextil.es\/ca\/wp-json\/wp\/v2\/types\/product"}],"replies":[{"embeddable":true,"href":"https:\/\/grupotextil.es\/ca\/wp-json\/wp\/v2\/comments?post=346680"}],"wp:featuredmedia":[{"embeddable":true,"href":"https:\/\/grupotextil.es\/ca\/wp-json\/wp\/v2\/media\/405229"}],"wp:attachment":[{"href":"https:\/\/grupotextil.es\/ca\/wp-json\/wp\/v2\/media?parent=346680"}],"wp:term":[{"taxonomy":"product_brand","embeddable":true,"href":"https:\/\/grupotextil.es\/ca\/wp-json\/wp\/v2\/product_brand?post=346680"},{"taxonomy":"product_cat","embeddable":true,"href":"https:\/\/grupotextil.es\/ca\/wp-json\/wp\/v2\/product_cat?post=346680"},{"taxonomy":"product_tag","embeddable":true,"href":"https:\/\/grupotextil.es\/ca\/wp-json\/wp\/v2\/product_tag?post=346680"}],"curies":[{"name":"wp","href":"https:\/\/api.w.org\/{rel}","templated":true}]}}