{"id":346738,"date":"2026-03-08T01:30:14","date_gmt":"2026-03-08T00:30:14","guid":{"rendered":"https:\/\/grupotextil.es\/producto\/gorro-bufanda-suprafleece\/"},"modified":"2026-03-08T01:30:14","modified_gmt":"2026-03-08T00:30:14","slug":"gorro-bufanda-suprafleece","status":"publish","type":"product","link":"https:\/\/grupotextil.es\/ca\/product\/gorro-bufanda-suprafleece\/","title":{"rendered":"Beanie\/Scarf Suprafleece\u2122"},"content":{"rendered":"<ul>\n<li>100% poli\u00e9ster<\/li>\n<li>Suprafleece\u2122 antibolitas<\/li>\n<li>Tejido ultra t\u00e9rmico &#8211; c\u00e1lido y ligero<\/li>\n<li>Cord\u00f3n de estiramiento el\u00e1stico<\/li>\n<li>Se puede usar como gorro o bufanda<\/li>\n<\/ul>","protected":false},"excerpt":{"rendered":"<p>100% poli\u00e9sterSuprafleece\u2122 antibolitasTejido ultra t\u00e9rmico &#8211; c\u00e1lido y ligeroCord\u00f3n de estiramiento el\u00e1sticoSe puede usar como gorro o bufanda<\/p>","protected":false},"featured_media":405299,"comment_status":"open","ping_status":"closed","template":"","meta":{"_acf_changed":false},"product_brand":[11655],"product_cat":[13986,13974,13932,13975,13979,13973],"product_tag":[],"class_list":{"0":"post-346738","1":"product","2":"type-product","3":"status-publish","4":"has-post-thumbnail","6":"product_brand-beechfield","7":"product_cat-m-camisetas-manga-corta","8":"product_cat-ropa-hombre","9":"product_cat-hosteleria-horeca","10":"product_cat-ropa-mujer","11":"product_cat-h-polos","12":"product_cat-ropa","13":"tm-no-options","15":"first","16":"instock","17":"taxable","18":"shipping-taxable","19":"product-type-variable"},"acf":[],"_links":{"self":[{"href":"https:\/\/grupotextil.es\/ca\/wp-json\/wp\/v2\/product\/346738","targetHints":{"allow":["GET"]}}],"collection":[{"href":"https:\/\/grupotextil.es\/ca\/wp-json\/wp\/v2\/product"}],"about":[{"href":"https:\/\/grupotextil.es\/ca\/wp-json\/wp\/v2\/types\/product"}],"replies":[{"embeddable":true,"href":"https:\/\/grupotextil.es\/ca\/wp-json\/wp\/v2\/comments?post=346738"}],"wp:featuredmedia":[{"embeddable":true,"href":"https:\/\/grupotextil.es\/ca\/wp-json\/wp\/v2\/media\/405299"}],"wp:attachment":[{"href":"https:\/\/grupotextil.es\/ca\/wp-json\/wp\/v2\/media?parent=346738"}],"wp:term":[{"taxonomy":"product_brand","embeddable":true,"href":"https:\/\/grupotextil.es\/ca\/wp-json\/wp\/v2\/product_brand?post=346738"},{"taxonomy":"product_cat","embeddable":true,"href":"https:\/\/grupotextil.es\/ca\/wp-json\/wp\/v2\/product_cat?post=346738"},{"taxonomy":"product_tag","embeddable":true,"href":"https:\/\/grupotextil.es\/ca\/wp-json\/wp\/v2\/product_tag?post=346738"}],"curies":[{"name":"wp","href":"https:\/\/api.w.org\/{rel}","templated":true}]}}