{"id":346781,"date":"2026-03-08T01:30:17","date_gmt":"2026-03-08T00:30:17","guid":{"rendered":"https:\/\/grupotextil.es\/producto\/baby-bodysuit\/"},"modified":"2026-03-08T01:30:17","modified_gmt":"2026-03-08T00:30:17","slug":"baby-bodysuit","status":"publish","type":"product","link":"https:\/\/grupotextil.es\/ca\/product\/baby-bodysuit\/","title":{"rendered":"Baby Bodysuit"},"content":{"rendered":"<ul>\n<li>150 g\/m\u00b2<\/li>\n<li>100% algod\u00f3n org\u00e1nico<\/li>\n<li>Estilo del Grupo H&amp;M<\/li>\n<li>Costilla de cuello 1&#215;1<\/li>\n<li>Uni\u00f3n en pierna con costilla 1&#215;1<\/li>\n<li>Puntada de aguja gemela<\/li>\n<li>Botones de presi\u00f3n ocultos<\/li>\n<li>Sensaci\u00f3n: suave y fluida.<\/li>\n<\/ul>","protected":false},"excerpt":{"rendered":"<p>150 g\/m\u00b2100% algod\u00f3n org\u00e1nicoEstilo del Grupo H&#038;MCostilla de cuello 1x1Uni\u00f3n en pierna con costilla 1x1Puntada de aguja gemelaBotones de presi\u00f3n ocultosSensaci\u00f3n: suave y fluida.<\/p>","protected":false},"featured_media":405386,"comment_status":"open","ping_status":"closed","template":"","meta":{"_acf_changed":false},"product_brand":[11661],"product_cat":[13974,13975,13973],"product_tag":[],"class_list":{"0":"post-346781","1":"product","2":"type-product","3":"status-publish","4":"has-post-thumbnail","6":"product_brand-true-blanks","7":"product_cat-ropa-hombre","8":"product_cat-ropa-mujer","9":"product_cat-ropa","10":"tm-no-options","12":"first","13":"instock","14":"taxable","15":"shipping-taxable","16":"product-type-variable"},"acf":[],"_links":{"self":[{"href":"https:\/\/grupotextil.es\/ca\/wp-json\/wp\/v2\/product\/346781","targetHints":{"allow":["GET"]}}],"collection":[{"href":"https:\/\/grupotextil.es\/ca\/wp-json\/wp\/v2\/product"}],"about":[{"href":"https:\/\/grupotextil.es\/ca\/wp-json\/wp\/v2\/types\/product"}],"replies":[{"embeddable":true,"href":"https:\/\/grupotextil.es\/ca\/wp-json\/wp\/v2\/comments?post=346781"}],"wp:featuredmedia":[{"embeddable":true,"href":"https:\/\/grupotextil.es\/ca\/wp-json\/wp\/v2\/media\/405386"}],"wp:attachment":[{"href":"https:\/\/grupotextil.es\/ca\/wp-json\/wp\/v2\/media?parent=346781"}],"wp:term":[{"taxonomy":"product_brand","embeddable":true,"href":"https:\/\/grupotextil.es\/ca\/wp-json\/wp\/v2\/product_brand?post=346781"},{"taxonomy":"product_cat","embeddable":true,"href":"https:\/\/grupotextil.es\/ca\/wp-json\/wp\/v2\/product_cat?post=346781"},{"taxonomy":"product_tag","embeddable":true,"href":"https:\/\/grupotextil.es\/ca\/wp-json\/wp\/v2\/product_tag?post=346781"}],"curies":[{"name":"wp","href":"https:\/\/api.w.org\/{rel}","templated":true}]}}