{"id":346935,"date":"2026-03-08T01:30:24","date_gmt":"2026-03-08T00:30:24","guid":{"rendered":"https:\/\/grupotextil.es\/producto\/camiseta-manga-larga-bebe\/"},"modified":"2026-03-08T01:30:24","modified_gmt":"2026-03-08T00:30:24","slug":"camiseta-manga-larga-bebe","status":"publish","type":"product","link":"https:\/\/grupotextil.es\/ca\/product\/camiseta-manga-larga-bebe\/","title":{"rendered":"Camiseta manga larga beb\u00e9"},"content":{"rendered":"<ul>\n<li>200 g\/m\u00b2<\/li>\n<li>100% algod\u00f3n peinado (en algunos modelos algod\u00f3n org\u00e1nico)<\/li>\n<li>Heather Grey Melange: 85% algod\u00f3n, 15% poli\u00e9ster<\/li>\n<li>Manga larga montada<\/li>\n<li>Cuello en canal\u00e9 el\u00e1stico<\/li>\n<li>Cierre con corchetes en hombro izquierdo<\/li>\n<li>Costuras decorativas en el cuello, mangas y bajo<\/li>\n<li>Costuras laterales<\/li>\n<\/ul>","protected":false},"excerpt":{"rendered":"<p>200 g\/m\u00b2100% algod\u00f3n peinado (en algunos modelos algod\u00f3n org\u00e1nico)Heather Grey Melange: 85% algod\u00f3n, 15% poli\u00e9sterManga larga montadaCuello en canal\u00e9 el\u00e1sticoCierre con corchetes en hombro izquierdoCo<\/p>","protected":false},"featured_media":405421,"comment_status":"open","ping_status":"closed","template":"","meta":{"_acf_changed":false},"product_brand":[11662],"product_cat":[13974,13975,13973],"product_tag":[],"class_list":{"0":"post-346935","1":"product","2":"type-product","3":"status-publish","4":"has-post-thumbnail","6":"product_brand-babybugz","7":"product_cat-ropa-hombre","8":"product_cat-ropa-mujer","9":"product_cat-ropa","10":"tm-no-options","12":"first","13":"instock","14":"taxable","15":"shipping-taxable","16":"product-type-variable"},"acf":[],"_links":{"self":[{"href":"https:\/\/grupotextil.es\/ca\/wp-json\/wp\/v2\/product\/346935","targetHints":{"allow":["GET"]}}],"collection":[{"href":"https:\/\/grupotextil.es\/ca\/wp-json\/wp\/v2\/product"}],"about":[{"href":"https:\/\/grupotextil.es\/ca\/wp-json\/wp\/v2\/types\/product"}],"replies":[{"embeddable":true,"href":"https:\/\/grupotextil.es\/ca\/wp-json\/wp\/v2\/comments?post=346935"}],"wp:featuredmedia":[{"embeddable":true,"href":"https:\/\/grupotextil.es\/ca\/wp-json\/wp\/v2\/media\/405421"}],"wp:attachment":[{"href":"https:\/\/grupotextil.es\/ca\/wp-json\/wp\/v2\/media?parent=346935"}],"wp:term":[{"taxonomy":"product_brand","embeddable":true,"href":"https:\/\/grupotextil.es\/ca\/wp-json\/wp\/v2\/product_brand?post=346935"},{"taxonomy":"product_cat","embeddable":true,"href":"https:\/\/grupotextil.es\/ca\/wp-json\/wp\/v2\/product_cat?post=346935"},{"taxonomy":"product_tag","embeddable":true,"href":"https:\/\/grupotextil.es\/ca\/wp-json\/wp\/v2\/product_tag?post=346935"}],"curies":[{"name":"wp","href":"https:\/\/api.w.org\/{rel}","templated":true}]}}