{"id":347035,"date":"2026-03-08T01:30:29","date_gmt":"2026-03-08T00:30:29","guid":{"rendered":"https:\/\/grupotextil.es\/producto\/bolsa-algodon-de-cuerdas-stafford\/"},"modified":"2026-03-08T01:30:29","modified_gmt":"2026-03-08T00:30:29","slug":"bolsa-algodon-de-cuerdas-stafford","status":"publish","type":"product","link":"https:\/\/grupotextil.es\/ca\/product\/bolsa-algodon-de-cuerdas-stafford\/","title":{"rendered":"Bag algod\u00f3n de cuerdas Stafford"},"content":{"rendered":"<ul>\n<li>140 g\/m\u00b2<\/li>\n<li>100% algod\u00f3n<\/li>\n<li>Mochila de algod\u00f3n con cuerdas<\/li>\n<li>Asas de algod\u00f3n resistente<\/li>\n<li>Esquinas reforzadas con ojales de metal<\/li>\n<li>Adecuado para serigraf\u00eda transfer o bordado (en ambos lados)<\/li>\n<li>Capacidad: 11 litros<\/li>\n<li>Medidas: 34 x 44 cm<\/li>\n<li>Max. bordado: 18 aro tubular<\/li>\n<li>Max. \u00e1rea de impresi\u00f3n: 26 x 32 cm.<\/li>\n<\/ul>","protected":false},"excerpt":{"rendered":"<p>140 g\/m\u00b2100% algod\u00f3nMochila de algod\u00f3n con cuerdasAsas de algod\u00f3n resistenteEsquinas reforzadas con ojales de metalAdecuado para serigraf\u00eda transfer o bordado (en ambos lados)Capacidad: 11 litrosMe&#8230;<\/p>","protected":false},"featured_media":405473,"comment_status":"open","ping_status":"closed","template":"","meta":{"_acf_changed":false},"product_brand":[11660],"product_cat":[13974,13975,13973],"product_tag":[],"class_list":{"0":"post-347035","1":"product","2":"type-product","3":"status-publish","4":"has-post-thumbnail","6":"product_brand-shugon","7":"product_cat-ropa-hombre","8":"product_cat-ropa-mujer","9":"product_cat-ropa","10":"tm-no-options","12":"first","13":"instock","14":"taxable","15":"shipping-taxable","16":"product-type-variable"},"acf":[],"_links":{"self":[{"href":"https:\/\/grupotextil.es\/ca\/wp-json\/wp\/v2\/product\/347035","targetHints":{"allow":["GET"]}}],"collection":[{"href":"https:\/\/grupotextil.es\/ca\/wp-json\/wp\/v2\/product"}],"about":[{"href":"https:\/\/grupotextil.es\/ca\/wp-json\/wp\/v2\/types\/product"}],"replies":[{"embeddable":true,"href":"https:\/\/grupotextil.es\/ca\/wp-json\/wp\/v2\/comments?post=347035"}],"wp:featuredmedia":[{"embeddable":true,"href":"https:\/\/grupotextil.es\/ca\/wp-json\/wp\/v2\/media\/405473"}],"wp:attachment":[{"href":"https:\/\/grupotextil.es\/ca\/wp-json\/wp\/v2\/media?parent=347035"}],"wp:term":[{"taxonomy":"product_brand","embeddable":true,"href":"https:\/\/grupotextil.es\/ca\/wp-json\/wp\/v2\/product_brand?post=347035"},{"taxonomy":"product_cat","embeddable":true,"href":"https:\/\/grupotextil.es\/ca\/wp-json\/wp\/v2\/product_cat?post=347035"},{"taxonomy":"product_tag","embeddable":true,"href":"https:\/\/grupotextil.es\/ca\/wp-json\/wp\/v2\/product_tag?post=347035"}],"curies":[{"name":"wp","href":"https:\/\/api.w.org\/{rel}","templated":true}]}}