{"id":347111,"date":"2026-03-08T01:30:33","date_gmt":"2026-03-08T00:30:33","guid":{"rendered":"https:\/\/grupotextil.es\/producto\/camiseta-atleta-performance\/"},"modified":"2026-03-08T01:30:33","modified_gmt":"2026-03-08T00:30:33","slug":"camiseta-atleta-performance","status":"publish","type":"product","link":"https:\/\/grupotextil.es\/ca\/product\/camiseta-atleta-performance\/","title":{"rendered":"T-Shirt atleta Performance"},"content":{"rendered":"<ul>\n<li>140 g\/m\u00b2<\/li>\n<li>100% poliester<\/li>\n<li>R\u00e1pida absorci\u00f3n de la humedad y secado r\u00e1pido<\/li>\n<li>Ribete en cuello y sisas del mismo tejido<\/li>\n<li>Etiqueta impresa en cuello para mayor comodidad<\/li>\n<li>Costuras laterales.<\/li>\n<\/ul>","protected":false},"excerpt":{"rendered":"<p>140 g\/m\u00b2100% poliesterR\u00e1pida absorci\u00f3n de la humedad y secado r\u00e1pidoRibete en cuello y sisas del mismo tejidoEtiqueta impresa en cuello para mayor comodidadCosturas laterales.<\/p>","protected":false},"featured_media":405512,"comment_status":"open","ping_status":"closed","template":"","meta":{"_acf_changed":false},"product_brand":[11665],"product_cat":[13939],"product_tag":[],"class_list":{"0":"post-347111","1":"product","2":"type-product","3":"status-publish","4":"has-post-thumbnail","6":"product_brand-fruit-of-the-loom","7":"product_cat-deportivo","8":"tm-no-options","10":"first","11":"instock","12":"taxable","13":"shipping-taxable","14":"product-type-variable"},"acf":[],"_links":{"self":[{"href":"https:\/\/grupotextil.es\/ca\/wp-json\/wp\/v2\/product\/347111","targetHints":{"allow":["GET"]}}],"collection":[{"href":"https:\/\/grupotextil.es\/ca\/wp-json\/wp\/v2\/product"}],"about":[{"href":"https:\/\/grupotextil.es\/ca\/wp-json\/wp\/v2\/types\/product"}],"replies":[{"embeddable":true,"href":"https:\/\/grupotextil.es\/ca\/wp-json\/wp\/v2\/comments?post=347111"}],"wp:featuredmedia":[{"embeddable":true,"href":"https:\/\/grupotextil.es\/ca\/wp-json\/wp\/v2\/media\/405512"}],"wp:attachment":[{"href":"https:\/\/grupotextil.es\/ca\/wp-json\/wp\/v2\/media?parent=347111"}],"wp:term":[{"taxonomy":"product_brand","embeddable":true,"href":"https:\/\/grupotextil.es\/ca\/wp-json\/wp\/v2\/product_brand?post=347111"},{"taxonomy":"product_cat","embeddable":true,"href":"https:\/\/grupotextil.es\/ca\/wp-json\/wp\/v2\/product_cat?post=347111"},{"taxonomy":"product_tag","embeddable":true,"href":"https:\/\/grupotextil.es\/ca\/wp-json\/wp\/v2\/product_tag?post=347111"}],"curies":[{"name":"wp","href":"https:\/\/api.w.org\/{rel}","templated":true}]}}