{"id":347578,"date":"2026-03-08T01:30:54","date_gmt":"2026-03-08T00:30:54","guid":{"rendered":"https:\/\/grupotextil.es\/producto\/mochila-team\/"},"modified":"2026-03-08T01:30:54","modified_gmt":"2026-03-08T00:30:54","slug":"mochila-team","status":"publish","type":"product","link":"https:\/\/grupotextil.es\/ca\/product\/mochila-team\/","title":{"rendered":"Mochila Team"},"content":{"rendered":"<ul>\n<li>100% poli\u00e9ster (600D\/420D)<\/li>\n<li>Asa de mano, correas de hombro acolchadas<\/li>\n<li>Panel trasero acolchado<\/li>\n<li>Puerto para auriculares<\/li>\n<li>Bolsillo forrado<\/li>\n<li>Bolsillo para pelota con cremallera<\/li>\n<li>Bolsillo lateral con cremallera<\/li>\n<li>Bolsillo lateral de malla el\u00e1stica<\/li>\n<li>Bolsillo para botella de agua<\/li>\n<li>Capacidad: 17 litros<\/li>\n<li>Medidas: 30 x 43 x 20 cm<\/li>\n<li>M\u00e1ximo bordado: aro plano 18<\/li>\n<li>M\u00e1xima \u00e1rea de impresi\u00f3n: 16 x 18 cm<\/li>\n<\/ul>","protected":false},"excerpt":{"rendered":"<p>100% poli\u00e9ster (600D\/420D)Asa de mano, correas de hombro acolchadasPanel trasero acolchadoPuerto para auricularesBolsillo forradoBolsillo para pelota con cremalleraBolsillo lateral con cremalleraBolsi<\/p>","protected":false},"featured_media":405622,"comment_status":"open","ping_status":"closed","template":"","meta":{"_acf_changed":false},"product_brand":[11657],"product_cat":[13974,13975,13973],"product_tag":[],"class_list":{"0":"post-347578","1":"product","2":"type-product","3":"status-publish","4":"has-post-thumbnail","6":"product_brand-quadra","7":"product_cat-ropa-hombre","8":"product_cat-ropa-mujer","9":"product_cat-ropa","10":"tm-no-options","12":"first","13":"instock","14":"taxable","15":"shipping-taxable","16":"product-type-variable"},"acf":[],"_links":{"self":[{"href":"https:\/\/grupotextil.es\/ca\/wp-json\/wp\/v2\/product\/347578","targetHints":{"allow":["GET"]}}],"collection":[{"href":"https:\/\/grupotextil.es\/ca\/wp-json\/wp\/v2\/product"}],"about":[{"href":"https:\/\/grupotextil.es\/ca\/wp-json\/wp\/v2\/types\/product"}],"replies":[{"embeddable":true,"href":"https:\/\/grupotextil.es\/ca\/wp-json\/wp\/v2\/comments?post=347578"}],"wp:featuredmedia":[{"embeddable":true,"href":"https:\/\/grupotextil.es\/ca\/wp-json\/wp\/v2\/media\/405622"}],"wp:attachment":[{"href":"https:\/\/grupotextil.es\/ca\/wp-json\/wp\/v2\/media?parent=347578"}],"wp:term":[{"taxonomy":"product_brand","embeddable":true,"href":"https:\/\/grupotextil.es\/ca\/wp-json\/wp\/v2\/product_brand?post=347578"},{"taxonomy":"product_cat","embeddable":true,"href":"https:\/\/grupotextil.es\/ca\/wp-json\/wp\/v2\/product_cat?post=347578"},{"taxonomy":"product_tag","embeddable":true,"href":"https:\/\/grupotextil.es\/ca\/wp-json\/wp\/v2\/product_tag?post=347578"}],"curies":[{"name":"wp","href":"https:\/\/api.w.org\/{rel}","templated":true}]}}