{"id":347852,"date":"2026-03-08T01:31:04","date_gmt":"2026-03-08T00:31:04","guid":{"rendered":"https:\/\/grupotextil.es\/producto\/mochila-roll-top\/"},"modified":"2026-03-08T01:31:04","modified_gmt":"2026-03-08T00:31:04","slug":"mochila-roll-top","status":"publish","type":"product","link":"https:\/\/grupotextil.es\/ca\/product\/mochila-roll-top\/","title":{"rendered":"Mochila Roll-Top"},"content":{"rendered":"<ul>\n<li>100% poli\u00e9ster (600D)<\/li>\n<li>Asa de mano<\/li>\n<li>Correas para los hombros acolchadas y ajustables<\/li>\n<li>Parte trasera acolchada<\/li>\n<li>Compartimento acolchado para port\u00e1til, compatible hasta 15.6<\/li>\n<li>Etiqueta extra\u00edble para f\u00e1cil re-etiquetado<\/li>\n<li>Capacidad: 20 litros<\/li>\n<li>Tama\u00f1o: 32 x 44 x 13 cm<\/li>\n<li>Bordado m\u00e1ximo: aro plano de 18<\/li>\n<li>\u00c1rea m\u00e1xima de impresi\u00f3n: 30 x 23 cm<\/li>\n<\/ul>","protected":false},"excerpt":{"rendered":"<p>100% poli\u00e9ster (600D)Asa de manoCorreas para los hombros acolchadas y ajustablesParte trasera acolchadaCompartimento acolchado para port\u00e1til, compatible hasta 15.<\/p>","protected":false},"featured_media":405657,"comment_status":"open","ping_status":"closed","template":"","meta":{"_acf_changed":false},"product_brand":[11668],"product_cat":[13974,13975,13973],"product_tag":[14009],"class_list":{"0":"post-347852","1":"product","2":"type-product","3":"status-publish","4":"has-post-thumbnail","6":"product_brand-bag-base","7":"product_cat-ropa-hombre","8":"product_cat-ropa-mujer","9":"product_cat-ropa","10":"product_tag-top-ventas","11":"tm-no-options","13":"first","14":"instock","15":"taxable","16":"shipping-taxable","17":"product-type-variable"},"acf":[],"_links":{"self":[{"href":"https:\/\/grupotextil.es\/ca\/wp-json\/wp\/v2\/product\/347852","targetHints":{"allow":["GET"]}}],"collection":[{"href":"https:\/\/grupotextil.es\/ca\/wp-json\/wp\/v2\/product"}],"about":[{"href":"https:\/\/grupotextil.es\/ca\/wp-json\/wp\/v2\/types\/product"}],"replies":[{"embeddable":true,"href":"https:\/\/grupotextil.es\/ca\/wp-json\/wp\/v2\/comments?post=347852"}],"wp:featuredmedia":[{"embeddable":true,"href":"https:\/\/grupotextil.es\/ca\/wp-json\/wp\/v2\/media\/405657"}],"wp:attachment":[{"href":"https:\/\/grupotextil.es\/ca\/wp-json\/wp\/v2\/media?parent=347852"}],"wp:term":[{"taxonomy":"product_brand","embeddable":true,"href":"https:\/\/grupotextil.es\/ca\/wp-json\/wp\/v2\/product_brand?post=347852"},{"taxonomy":"product_cat","embeddable":true,"href":"https:\/\/grupotextil.es\/ca\/wp-json\/wp\/v2\/product_cat?post=347852"},{"taxonomy":"product_tag","embeddable":true,"href":"https:\/\/grupotextil.es\/ca\/wp-json\/wp\/v2\/product_tag?post=347852"}],"curies":[{"name":"wp","href":"https:\/\/api.w.org\/{rel}","templated":true}]}}