{"id":347858,"date":"2026-03-08T01:31:04","date_gmt":"2026-03-08T00:31:04","guid":{"rendered":"https:\/\/grupotextil.es\/producto\/bolsa-team\/"},"modified":"2026-03-08T01:31:04","modified_gmt":"2026-03-08T00:31:04","slug":"bolsa-team","status":"publish","type":"product","link":"https:\/\/grupotextil.es\/ca\/product\/bolsa-team\/","title":{"rendered":"Bag Team"},"content":{"rendered":"<ul>\n<li>100% poli\u00e9ster (600D\/420D)<\/li>\n<li>Asa de mano acolchado<\/li>\n<li>Correa de hombro extra\u00edble y ajustable con pieza acolchada<\/li>\n<li>Compartimento principal con cremallera, bolsillo interior y bolsillo de malla<\/li>\n<li>Bolsillos en extremos con cremallera<\/li>\n<li>Bolsillo para zapatos<\/li>\n<li>Aros para botella<\/li>\n<li>Capacidad: 55 litros<\/li>\n<li>Medidas: 62 x 32 x 30 cm<\/li>\n<li>M\u00e1ximo bordado: aro plano 18 (frontal), aro plano 12 (bolsillos en extremos)<\/li>\n<li>M\u00e1xima \u00e1rea de impresi\u00f3n: 32 x 12 cm (frontal), 12 x 9 cm (bolsillos en extremos)<\/li>\n<\/ul>","protected":false},"excerpt":{"rendered":"<p>100% poli\u00e9ster (600D\/420D)Asa de mano acolchadoCorrea de hombro extra\u00edble y ajustable con pieza acolchadaCompartimento principal con cremallera, bolsillo interior y bolsillo de mallaBolsillos en extre<\/p>","protected":false},"featured_media":405670,"comment_status":"open","ping_status":"closed","template":"","meta":{"_acf_changed":false},"product_brand":[11657],"product_cat":[13974,13975,13973],"product_tag":[],"class_list":{"0":"post-347858","1":"product","2":"type-product","3":"status-publish","4":"has-post-thumbnail","6":"product_brand-quadra","7":"product_cat-ropa-hombre","8":"product_cat-ropa-mujer","9":"product_cat-ropa","10":"tm-no-options","12":"first","13":"instock","14":"taxable","15":"shipping-taxable","16":"product-type-variable"},"acf":[],"_links":{"self":[{"href":"https:\/\/grupotextil.es\/ca\/wp-json\/wp\/v2\/product\/347858","targetHints":{"allow":["GET"]}}],"collection":[{"href":"https:\/\/grupotextil.es\/ca\/wp-json\/wp\/v2\/product"}],"about":[{"href":"https:\/\/grupotextil.es\/ca\/wp-json\/wp\/v2\/types\/product"}],"replies":[{"embeddable":true,"href":"https:\/\/grupotextil.es\/ca\/wp-json\/wp\/v2\/comments?post=347858"}],"wp:featuredmedia":[{"embeddable":true,"href":"https:\/\/grupotextil.es\/ca\/wp-json\/wp\/v2\/media\/405670"}],"wp:attachment":[{"href":"https:\/\/grupotextil.es\/ca\/wp-json\/wp\/v2\/media?parent=347858"}],"wp:term":[{"taxonomy":"product_brand","embeddable":true,"href":"https:\/\/grupotextil.es\/ca\/wp-json\/wp\/v2\/product_brand?post=347858"},{"taxonomy":"product_cat","embeddable":true,"href":"https:\/\/grupotextil.es\/ca\/wp-json\/wp\/v2\/product_cat?post=347858"},{"taxonomy":"product_tag","embeddable":true,"href":"https:\/\/grupotextil.es\/ca\/wp-json\/wp\/v2\/product_tag?post=347858"}],"curies":[{"name":"wp","href":"https:\/\/api.w.org\/{rel}","templated":true}]}}