{"id":347930,"date":"2026-03-08T01:31:07","date_gmt":"2026-03-08T00:31:07","guid":{"rendered":"https:\/\/grupotextil.es\/producto\/bolsa-team-2\/"},"modified":"2026-03-08T01:31:07","modified_gmt":"2026-03-08T00:31:07","slug":"bolsa-team-2","status":"publish","type":"product","link":"https:\/\/grupotextil.es\/ca\/product\/bolsa-team-2\/","title":{"rendered":"Bag Team"},"content":{"rendered":"<ul>\n<li>100% poli\u00e9ster (600D\/420D)<\/li>\n<li>Asas de mano acolchada<\/li>\n<li>Correa de hombro ajustable y extra\u00edble con secci\u00f3n acolchada<\/li>\n<li>Compartimento principal con cremallera, bolsillo interior y bolsillos de malla<\/li>\n<li>Bolsillos con cremallera en extremos<\/li>\n<li>Aros para botellas<\/li>\n<li>Capacidad: 30 litros<\/li>\n<li>Medidas: 48 x 30 x 27 cm<\/li>\n<li>M\u00e1ximo bordado: aro plano 15 (frontal), aro plano 9 (bolsillos en extremos)<\/li>\n<li>M\u00e1xima \u00e1rea de impresi\u00f3n: 22 x 11 cm (frontal), 12 x 10 cm (bolsillos en extremos)<\/li>\n<\/ul>","protected":false},"excerpt":{"rendered":"<p>100% poli\u00e9ster (600D\/420D)Asas de mano acolchadaCorrea de hombro ajustable y extra\u00edble con secci\u00f3n acolchadaCompartimento principal con cremallera, bolsillo interior y bolsillos de mallaBolsillos con<\/p>","protected":false},"featured_media":405713,"comment_status":"open","ping_status":"closed","template":"","meta":{"_acf_changed":false},"product_brand":[11657],"product_cat":[13974,13975,13973],"product_tag":[],"class_list":{"0":"post-347930","1":"product","2":"type-product","3":"status-publish","4":"has-post-thumbnail","6":"product_brand-quadra","7":"product_cat-ropa-hombre","8":"product_cat-ropa-mujer","9":"product_cat-ropa","10":"tm-no-options","12":"first","13":"instock","14":"taxable","15":"shipping-taxable","16":"product-type-variable"},"acf":[],"_links":{"self":[{"href":"https:\/\/grupotextil.es\/ca\/wp-json\/wp\/v2\/product\/347930","targetHints":{"allow":["GET"]}}],"collection":[{"href":"https:\/\/grupotextil.es\/ca\/wp-json\/wp\/v2\/product"}],"about":[{"href":"https:\/\/grupotextil.es\/ca\/wp-json\/wp\/v2\/types\/product"}],"replies":[{"embeddable":true,"href":"https:\/\/grupotextil.es\/ca\/wp-json\/wp\/v2\/comments?post=347930"}],"wp:featuredmedia":[{"embeddable":true,"href":"https:\/\/grupotextil.es\/ca\/wp-json\/wp\/v2\/media\/405713"}],"wp:attachment":[{"href":"https:\/\/grupotextil.es\/ca\/wp-json\/wp\/v2\/media?parent=347930"}],"wp:term":[{"taxonomy":"product_brand","embeddable":true,"href":"https:\/\/grupotextil.es\/ca\/wp-json\/wp\/v2\/product_brand?post=347930"},{"taxonomy":"product_cat","embeddable":true,"href":"https:\/\/grupotextil.es\/ca\/wp-json\/wp\/v2\/product_cat?post=347930"},{"taxonomy":"product_tag","embeddable":true,"href":"https:\/\/grupotextil.es\/ca\/wp-json\/wp\/v2\/product_tag?post=347930"}],"curies":[{"name":"wp","href":"https:\/\/api.w.org\/{rel}","templated":true}]}}