{"id":347936,"date":"2026-03-08T01:31:07","date_gmt":"2026-03-08T00:31:07","guid":{"rendered":"https:\/\/grupotextil.es\/producto\/polo-team-spirit-spiro-hombre\/"},"modified":"2026-03-08T01:31:07","modified_gmt":"2026-03-08T00:31:07","slug":"polo-team-spirit-spiro-hombre","status":"publish","type":"product","link":"https:\/\/grupotextil.es\/ca\/product\/polo-team-spirit-spiro-hombre\/","title":{"rendered":"Polo Team Spirit Spiro hombre"},"content":{"rendered":"<ul>\n<li>145 g\/m\u00b2<\/li>\n<li>100% poli\u00e9ster<\/li>\n<li>Malla Cool-Dry con efecto nido de abeja<\/li>\n<li>Cuello encintado<\/li>\n<li>Mangas ragl\u00e1n con franja contrastada<\/li>\n<li>Tapeta con 3 botones<\/li>\n<li>Franjas laterales transpirable<\/li>\n<li>Dise\u00f1o a rayas impresas en parte delantera y logo Spiro en parte inferior derecha<\/li>\n<li>Parte trasera alargada<\/li>\n<li>Costura doble en mangas y bajo<\/li>\n<li>Costuras laterales<\/li>\n<li>Adecuado para bordado e impresi\u00f3n<\/li>\n<\/ul>","protected":false},"excerpt":{"rendered":"<p>145 g\/m\u00b2100% poli\u00e9sterMalla Cool-Dry con efecto nido de abejaCuello encintadoMangas ragl\u00e1n con franja contrastadaTapeta con 3 botonesFranjas laterales transpirableDise\u00f1o a rayas impresas en parte dela<\/p>","protected":false},"featured_media":405731,"comment_status":"open","ping_status":"closed","template":"","meta":{"_acf_changed":false},"product_brand":[11669],"product_cat":[13974,13975,13973],"product_tag":[],"class_list":{"0":"post-347936","1":"product","2":"type-product","3":"status-publish","4":"has-post-thumbnail","6":"product_brand-result","7":"product_cat-ropa-hombre","8":"product_cat-ropa-mujer","9":"product_cat-ropa","10":"tm-no-options","12":"first","13":"instock","14":"taxable","15":"shipping-taxable","16":"product-type-variable"},"acf":[],"_links":{"self":[{"href":"https:\/\/grupotextil.es\/ca\/wp-json\/wp\/v2\/product\/347936","targetHints":{"allow":["GET"]}}],"collection":[{"href":"https:\/\/grupotextil.es\/ca\/wp-json\/wp\/v2\/product"}],"about":[{"href":"https:\/\/grupotextil.es\/ca\/wp-json\/wp\/v2\/types\/product"}],"replies":[{"embeddable":true,"href":"https:\/\/grupotextil.es\/ca\/wp-json\/wp\/v2\/comments?post=347936"}],"wp:featuredmedia":[{"embeddable":true,"href":"https:\/\/grupotextil.es\/ca\/wp-json\/wp\/v2\/media\/405731"}],"wp:attachment":[{"href":"https:\/\/grupotextil.es\/ca\/wp-json\/wp\/v2\/media?parent=347936"}],"wp:term":[{"taxonomy":"product_brand","embeddable":true,"href":"https:\/\/grupotextil.es\/ca\/wp-json\/wp\/v2\/product_brand?post=347936"},{"taxonomy":"product_cat","embeddable":true,"href":"https:\/\/grupotextil.es\/ca\/wp-json\/wp\/v2\/product_cat?post=347936"},{"taxonomy":"product_tag","embeddable":true,"href":"https:\/\/grupotextil.es\/ca\/wp-json\/wp\/v2\/product_tag?post=347936"}],"curies":[{"name":"wp","href":"https:\/\/api.w.org\/{rel}","templated":true}]}}