{"id":347993,"date":"2026-03-08T01:31:09","date_gmt":"2026-03-08T00:31:09","guid":{"rendered":"https:\/\/grupotextil.es\/producto\/camiseta-m-larga-inspire-mujer\/"},"modified":"2026-03-08T01:31:09","modified_gmt":"2026-03-08T00:31:09","slug":"camiseta-m-larga-inspire-mujer","status":"publish","type":"product","link":"https:\/\/grupotextil.es\/ca\/product\/camiseta-m-larga-inspire-mujer\/","title":{"rendered":"Camiseta m. larga Inspire mujer"},"content":{"rendered":"<ul>\n<li>140 g\/m\u00b2<\/li>\n<li>100% algod\u00f3n (peinado ring-spun, org\u00e1nico certificado u org\u00e1nico en conversi\u00f3n)<\/li>\n<li>Sport Grey: 90% algod\u00f3n (peinado ring-spun, org\u00e1nico certificado u org\u00e1nico en conversi\u00f3n) 10% viscosa<\/li>\n<li>Tejido jersey con un tacto muy suave<\/li>\n<li>Cuello redondo de canal\u00e9 fino<\/li>\n<li>Cuello encintado de hombro a hombro<\/li>\n<li>Costuras laterales<\/li>\n<li>Sistema B&amp;C No Label, perfecto para re-etiquetar<\/li>\n<li>Lavable hasta 40\u00b0C<\/li>\n<li>Corte sencillo y en un tallaje medio.<\/li>\n<\/ul>","protected":false},"excerpt":{"rendered":"<p>140 g\/m\u00b2100% algod\u00f3n (peinado ring-spun, org\u00e1nico certificado u org\u00e1nico en conversi\u00f3n)Sport Grey: 90% algod\u00f3n (peinado ring-spun, org\u00e1nico certificado u org\u00e1nico en conversi\u00f3n) 10% viscosaTejido j&#8230;<\/p>","protected":false},"featured_media":405745,"comment_status":"open","ping_status":"closed","template":"","meta":{"_acf_changed":false},"product_brand":[11653],"product_cat":[13974,13975,13973],"product_tag":[],"class_list":{"0":"post-347993","1":"product","2":"type-product","3":"status-publish","4":"has-post-thumbnail","6":"product_brand-b-c","7":"product_cat-ropa-hombre","8":"product_cat-ropa-mujer","9":"product_cat-ropa","10":"tm-no-options","12":"first","13":"instock","14":"taxable","15":"shipping-taxable","16":"product-type-variable"},"acf":[],"_links":{"self":[{"href":"https:\/\/grupotextil.es\/ca\/wp-json\/wp\/v2\/product\/347993","targetHints":{"allow":["GET"]}}],"collection":[{"href":"https:\/\/grupotextil.es\/ca\/wp-json\/wp\/v2\/product"}],"about":[{"href":"https:\/\/grupotextil.es\/ca\/wp-json\/wp\/v2\/types\/product"}],"replies":[{"embeddable":true,"href":"https:\/\/grupotextil.es\/ca\/wp-json\/wp\/v2\/comments?post=347993"}],"wp:featuredmedia":[{"embeddable":true,"href":"https:\/\/grupotextil.es\/ca\/wp-json\/wp\/v2\/media\/405745"}],"wp:attachment":[{"href":"https:\/\/grupotextil.es\/ca\/wp-json\/wp\/v2\/media?parent=347993"}],"wp:term":[{"taxonomy":"product_brand","embeddable":true,"href":"https:\/\/grupotextil.es\/ca\/wp-json\/wp\/v2\/product_brand?post=347993"},{"taxonomy":"product_cat","embeddable":true,"href":"https:\/\/grupotextil.es\/ca\/wp-json\/wp\/v2\/product_cat?post=347993"},{"taxonomy":"product_tag","embeddable":true,"href":"https:\/\/grupotextil.es\/ca\/wp-json\/wp\/v2\/product_tag?post=347993"}],"curies":[{"name":"wp","href":"https:\/\/api.w.org\/{rel}","templated":true}]}}