{"id":348465,"date":"2026-03-08T01:31:27","date_gmt":"2026-03-08T00:31:27","guid":{"rendered":"https:\/\/grupotextil.es\/producto\/camiseta-mujer-e190\/"},"modified":"2026-03-08T01:31:27","modified_gmt":"2026-03-08T00:31:27","slug":"camiseta-mujer-e190","status":"publish","type":"product","link":"https:\/\/grupotextil.es\/ca\/product\/camiseta-mujer-e190\/","title":{"rendered":"Camiseta mujer #E190"},"content":{"rendered":"<ul>\n<li>185 g\/m\u00b2<\/li>\n<li>100% algod\u00f3n, preencogido y ringspun<\/li>\n<li>Ash: 99% algod\u00f3n, 1% viscosa<\/li>\n<li>Sport Grey: 85% algod\u00f3n, 15% viscosa<\/li>\n<li>Cuello redondo de canal\u00e9 fino<\/li>\n<li>Cinta en el cuello<\/li>\n<li>Costuras laterales<\/li>\n<li>Lavable hasta 40\u00b0C<\/li>\n<li>Corte sencillo y en un tallaje medio.<\/li>\n<\/ul>","protected":false},"excerpt":{"rendered":"<p>185 g\/m\u00b2100% algod\u00f3n, preencogido y ringspunAsh: 99% algod\u00f3n, 1% viscosaSport Grey: 85% algod\u00f3n, 15% viscosaCuello redondo de canal\u00e9 finoCinta en el cuelloCosturas lateralesLavable hasta 40\u00b0CCorte &#8230;<\/p>","protected":false},"featured_media":405872,"comment_status":"open","ping_status":"closed","template":"","meta":{"_acf_changed":false},"product_brand":[11653],"product_cat":[13974,13975,13973],"product_tag":[14009],"class_list":{"0":"post-348465","1":"product","2":"type-product","3":"status-publish","4":"has-post-thumbnail","6":"product_brand-b-c","7":"product_cat-ropa-hombre","8":"product_cat-ropa-mujer","9":"product_cat-ropa","10":"product_tag-top-ventas","11":"tm-no-options","13":"first","14":"instock","15":"taxable","16":"shipping-taxable","17":"product-type-variable"},"acf":[],"_links":{"self":[{"href":"https:\/\/grupotextil.es\/ca\/wp-json\/wp\/v2\/product\/348465","targetHints":{"allow":["GET"]}}],"collection":[{"href":"https:\/\/grupotextil.es\/ca\/wp-json\/wp\/v2\/product"}],"about":[{"href":"https:\/\/grupotextil.es\/ca\/wp-json\/wp\/v2\/types\/product"}],"replies":[{"embeddable":true,"href":"https:\/\/grupotextil.es\/ca\/wp-json\/wp\/v2\/comments?post=348465"}],"wp:featuredmedia":[{"embeddable":true,"href":"https:\/\/grupotextil.es\/ca\/wp-json\/wp\/v2\/media\/405872"}],"wp:attachment":[{"href":"https:\/\/grupotextil.es\/ca\/wp-json\/wp\/v2\/media?parent=348465"}],"wp:term":[{"taxonomy":"product_brand","embeddable":true,"href":"https:\/\/grupotextil.es\/ca\/wp-json\/wp\/v2\/product_brand?post=348465"},{"taxonomy":"product_cat","embeddable":true,"href":"https:\/\/grupotextil.es\/ca\/wp-json\/wp\/v2\/product_cat?post=348465"},{"taxonomy":"product_tag","embeddable":true,"href":"https:\/\/grupotextil.es\/ca\/wp-json\/wp\/v2\/product_tag?post=348465"}],"curies":[{"name":"wp","href":"https:\/\/api.w.org\/{rel}","templated":true}]}}