{"id":348712,"date":"2026-03-08T01:31:35","date_gmt":"2026-03-08T00:31:35","guid":{"rendered":"https:\/\/grupotextil.es\/producto\/camiseta-cooldry-manga-larga\/"},"modified":"2026-03-08T01:31:35","modified_gmt":"2026-03-08T00:31:35","slug":"camiseta-cooldry-manga-larga","status":"publish","type":"product","link":"https:\/\/grupotextil.es\/ca\/product\/camiseta-cooldry-manga-larga\/","title":{"rendered":"T-Shirt CoolDry Long Sleeve"},"content":{"rendered":"<ul>\n<li>160 g\/m\u00b2<\/li>\n<li>95% poli\u00e9ster, 5% elastano<\/li>\n<li>Tejido suave y ligero<\/li>\n<li>Transpirable<\/li>\n<li>Absorbe la humedad, secado r\u00e1pido<\/li>\n<li>Mangas ragl\u00e1n<\/li>\n<li>Costuras planas<\/li>\n<li>Ajuste a medida<\/li>\n<\/ul>","protected":false},"excerpt":{"rendered":"<p>160 g\/m\u00b295% poli\u00e9ster, 5% elastanoTejido suave y ligeroTranspirableAbsorbe la humedad, secado r\u00e1pidoMangas ragl\u00e1nCosturas planasAjuste a medida<\/p>","protected":false},"featured_media":405878,"comment_status":"open","ping_status":"closed","template":"","meta":{"_acf_changed":false},"product_brand":[11671],"product_cat":[13974,13975,13973],"product_tag":[],"class_list":{"0":"post-348712","1":"product","2":"type-product","3":"status-publish","4":"has-post-thumbnail","6":"product_brand-tee-jays","7":"product_cat-ropa-hombre","8":"product_cat-ropa-mujer","9":"product_cat-ropa","10":"tm-no-options","12":"first","13":"instock","14":"taxable","15":"shipping-taxable","16":"product-type-variable"},"acf":[],"_links":{"self":[{"href":"https:\/\/grupotextil.es\/ca\/wp-json\/wp\/v2\/product\/348712","targetHints":{"allow":["GET"]}}],"collection":[{"href":"https:\/\/grupotextil.es\/ca\/wp-json\/wp\/v2\/product"}],"about":[{"href":"https:\/\/grupotextil.es\/ca\/wp-json\/wp\/v2\/types\/product"}],"replies":[{"embeddable":true,"href":"https:\/\/grupotextil.es\/ca\/wp-json\/wp\/v2\/comments?post=348712"}],"wp:featuredmedia":[{"embeddable":true,"href":"https:\/\/grupotextil.es\/ca\/wp-json\/wp\/v2\/media\/405878"}],"wp:attachment":[{"href":"https:\/\/grupotextil.es\/ca\/wp-json\/wp\/v2\/media?parent=348712"}],"wp:term":[{"taxonomy":"product_brand","embeddable":true,"href":"https:\/\/grupotextil.es\/ca\/wp-json\/wp\/v2\/product_brand?post=348712"},{"taxonomy":"product_cat","embeddable":true,"href":"https:\/\/grupotextil.es\/ca\/wp-json\/wp\/v2\/product_cat?post=348712"},{"taxonomy":"product_tag","embeddable":true,"href":"https:\/\/grupotextil.es\/ca\/wp-json\/wp\/v2\/product_tag?post=348712"}],"curies":[{"name":"wp","href":"https:\/\/api.w.org\/{rel}","templated":true}]}}