{"id":348819,"date":"2026-03-08T01:31:40","date_gmt":"2026-03-08T00:31:40","guid":{"rendered":"https:\/\/grupotextil.es\/producto\/bolsa-mochila-con-cordon\/"},"modified":"2026-03-08T01:31:40","modified_gmt":"2026-03-08T00:31:40","slug":"bolsa-mochila-con-cordon","status":"publish","type":"product","link":"https:\/\/grupotextil.es\/ca\/product\/bolsa-mochila-con-cordon\/","title":{"rendered":"Bag \/ Mochila con cord\u00f3n"},"content":{"rendered":"<ul>\n<li>100% poli\u00e9ster (300D)<\/li>\n<li>Cierre con cord\u00f3n<\/li>\n<li>Cord\u00f3n extra\u00edble<\/li>\n<li>Apto para sublicmaci\u00f3n formato A3<\/li>\n<li>Ideal para sublimaci\u00f3n<\/li>\n<li>Facil personalizaci\u00f3n<\/li>\n<li>Parte delantera y trasera personalizables<\/li>\n<li>Capacidad: 5 litros<\/li>\n<li>Tama\u00f1o: 29 x 41,5 cm<\/li>\n<li>\u00c1rea m\u00e1xima de impresi\u00f3n: 29 x 41.5 cm<\/li>\n<\/ul>","protected":false},"excerpt":{"rendered":"<p>100% poli\u00e9ster (300D)Cierre con cord\u00f3nCord\u00f3n extra\u00edbleApto para sublicmaci\u00f3n formato A3Ideal para sublimaci\u00f3nFacil personalizaci\u00f3nParte delantera y trasera personalizablesCapacidad: 5 litrosTama\u00f1o:&#8230;<\/p>","protected":false},"featured_media":405948,"comment_status":"open","ping_status":"closed","template":"","meta":{"_acf_changed":false},"product_brand":[11668],"product_cat":[13974,13975,13973],"product_tag":[],"class_list":{"0":"post-348819","1":"product","2":"type-product","3":"status-publish","4":"has-post-thumbnail","6":"product_brand-bag-base","7":"product_cat-ropa-hombre","8":"product_cat-ropa-mujer","9":"product_cat-ropa","10":"tm-no-options","12":"first","13":"instock","14":"taxable","15":"shipping-taxable","16":"product-type-variable"},"acf":[],"_links":{"self":[{"href":"https:\/\/grupotextil.es\/ca\/wp-json\/wp\/v2\/product\/348819","targetHints":{"allow":["GET"]}}],"collection":[{"href":"https:\/\/grupotextil.es\/ca\/wp-json\/wp\/v2\/product"}],"about":[{"href":"https:\/\/grupotextil.es\/ca\/wp-json\/wp\/v2\/types\/product"}],"replies":[{"embeddable":true,"href":"https:\/\/grupotextil.es\/ca\/wp-json\/wp\/v2\/comments?post=348819"}],"wp:featuredmedia":[{"embeddable":true,"href":"https:\/\/grupotextil.es\/ca\/wp-json\/wp\/v2\/media\/405948"}],"wp:attachment":[{"href":"https:\/\/grupotextil.es\/ca\/wp-json\/wp\/v2\/media?parent=348819"}],"wp:term":[{"taxonomy":"product_brand","embeddable":true,"href":"https:\/\/grupotextil.es\/ca\/wp-json\/wp\/v2\/product_brand?post=348819"},{"taxonomy":"product_cat","embeddable":true,"href":"https:\/\/grupotextil.es\/ca\/wp-json\/wp\/v2\/product_cat?post=348819"},{"taxonomy":"product_tag","embeddable":true,"href":"https:\/\/grupotextil.es\/ca\/wp-json\/wp\/v2\/product_tag?post=348819"}],"curies":[{"name":"wp","href":"https:\/\/api.w.org\/{rel}","templated":true}]}}