{"id":348831,"date":"2026-03-08T01:31:41","date_gmt":"2026-03-08T00:31:41","guid":{"rendered":"https:\/\/grupotextil.es\/producto\/bata-pull-over-essential\/"},"modified":"2026-03-08T01:31:41","modified_gmt":"2026-03-08T00:31:41","slug":"bata-pull-over-essential","status":"publish","type":"product","link":"https:\/\/grupotextil.es\/ca\/product\/bata-pull-over-essential\/","title":{"rendered":"Bata Pull-over Essential"},"content":{"rendered":"<ul>\n<li>150 g\/m\u00b2<\/li>\n<li>65% poli\u00e9ster (reciclado), 35% algod\u00f3n (sarga)<\/li>\n<li>Tejido ligero<\/li>\n<li>No desti\u00f1e, f\u00e1cil cuidado, sostenible<\/li>\n<li>Estilo cl\u00e1sico<\/li>\n<li>Bolsillo grande de parche con compartimento para bol\u00edgrafos<\/li>\n<li>Cierre ajustable en los laterales<\/li>\n<li>Lavable hasta 95 \u00b0 C<\/li>\n<\/ul>","protected":false},"excerpt":{"rendered":"<p>150 g\/m\u00b265% poli\u00e9ster (reciclado), 35% algod\u00f3n (sarga)Tejido ligeroNo desti\u00f1e, f\u00e1cil cuidado, sostenibleEstilo cl\u00e1sicoBolsillo grande de parche con compartimento para bol\u00edgrafosCierre ajustable en los<\/p>","protected":false},"featured_media":405977,"comment_status":"open","ping_status":"closed","template":"","meta":{"_acf_changed":false},"product_brand":[11673],"product_cat":[13974,13975,13973],"product_tag":[14009],"class_list":{"0":"post-348831","1":"product","2":"type-product","3":"status-publish","4":"has-post-thumbnail","6":"product_brand-karlowsky","7":"product_cat-ropa-hombre","8":"product_cat-ropa-mujer","9":"product_cat-ropa","10":"product_tag-top-ventas","11":"tm-no-options","13":"first","14":"instock","15":"taxable","16":"shipping-taxable","17":"product-type-variable"},"acf":[],"_links":{"self":[{"href":"https:\/\/grupotextil.es\/ca\/wp-json\/wp\/v2\/product\/348831","targetHints":{"allow":["GET"]}}],"collection":[{"href":"https:\/\/grupotextil.es\/ca\/wp-json\/wp\/v2\/product"}],"about":[{"href":"https:\/\/grupotextil.es\/ca\/wp-json\/wp\/v2\/types\/product"}],"replies":[{"embeddable":true,"href":"https:\/\/grupotextil.es\/ca\/wp-json\/wp\/v2\/comments?post=348831"}],"wp:featuredmedia":[{"embeddable":true,"href":"https:\/\/grupotextil.es\/ca\/wp-json\/wp\/v2\/media\/405977"}],"wp:attachment":[{"href":"https:\/\/grupotextil.es\/ca\/wp-json\/wp\/v2\/media?parent=348831"}],"wp:term":[{"taxonomy":"product_brand","embeddable":true,"href":"https:\/\/grupotextil.es\/ca\/wp-json\/wp\/v2\/product_brand?post=348831"},{"taxonomy":"product_cat","embeddable":true,"href":"https:\/\/grupotextil.es\/ca\/wp-json\/wp\/v2\/product_cat?post=348831"},{"taxonomy":"product_tag","embeddable":true,"href":"https:\/\/grupotextil.es\/ca\/wp-json\/wp\/v2\/product_tag?post=348831"}],"curies":[{"name":"wp","href":"https:\/\/api.w.org\/{rel}","templated":true}]}}