{"id":349098,"date":"2026-03-08T01:31:56","date_gmt":"2026-03-08T00:31:56","guid":{"rendered":"https:\/\/grupotextil.es\/producto\/todo-en-uno-bebe\/"},"modified":"2026-03-08T01:31:56","modified_gmt":"2026-03-08T00:31:56","slug":"todo-en-uno-bebe","status":"publish","type":"product","link":"https:\/\/grupotextil.es\/ca\/product\/todo-en-uno-bebe\/","title":{"rendered":"Todo-en-Uno beb\u00e9"},"content":{"rendered":"<ul>\n<li>250 g\/m\u00b2<\/li>\n<li>80% algod\u00f3n, 20% poli\u00e9ster (en algunos modelos algod\u00f3n org\u00e1nico)<\/li>\n<li>Washed Grey Melange: 84% algod\u00f3n, 16% poli\u00e9ster<\/li>\n<li>Dusty Blue Organic: 80% algod\u00f3n (organic), 20% PET<\/li>\n<li>Tejido peinado super suave<\/li>\n<li>Capucha de una capa<\/li>\n<li>Cuello encintado y panel de refuerzo<\/li>\n<li>Cremallera desde el cuello hasta bajo de pierna para facilidad de vestir\/decorar<\/li>\n<li>Bolsillos canguro<\/li>\n<li>Pu\u00f1os y tobillos extra largos en canal\u00e9 que pueden llevarse doblados o no (seg\u00fan crezca el beb\u00e9)<\/li>\n<li>Etiqueta extra\u00edble para f\u00e1cil re-etiquetado<\/li>\n<\/ul>","protected":false},"excerpt":{"rendered":"<p>250 g\/m\u00b280% algod\u00f3n, 20% poli\u00e9ster (en algunos modelos algod\u00f3n org\u00e1nico)Washed Grey Melange: 84% algod\u00f3n, 16% poli\u00e9sterDusty Blue Organic: 80% algod\u00f3n (organic), 20% PETTejido peinado super suaveCapuc<\/p>","protected":false},"featured_media":406061,"comment_status":"open","ping_status":"closed","template":"","meta":{"_acf_changed":false},"product_brand":[11662],"product_cat":[13974,13975,13973],"product_tag":[],"class_list":{"0":"post-349098","1":"product","2":"type-product","3":"status-publish","4":"has-post-thumbnail","6":"product_brand-babybugz","7":"product_cat-ropa-hombre","8":"product_cat-ropa-mujer","9":"product_cat-ropa","10":"tm-no-options","12":"first","13":"instock","14":"taxable","15":"shipping-taxable","16":"product-type-variable"},"acf":[],"_links":{"self":[{"href":"https:\/\/grupotextil.es\/ca\/wp-json\/wp\/v2\/product\/349098","targetHints":{"allow":["GET"]}}],"collection":[{"href":"https:\/\/grupotextil.es\/ca\/wp-json\/wp\/v2\/product"}],"about":[{"href":"https:\/\/grupotextil.es\/ca\/wp-json\/wp\/v2\/types\/product"}],"replies":[{"embeddable":true,"href":"https:\/\/grupotextil.es\/ca\/wp-json\/wp\/v2\/comments?post=349098"}],"wp:featuredmedia":[{"embeddable":true,"href":"https:\/\/grupotextil.es\/ca\/wp-json\/wp\/v2\/media\/406061"}],"wp:attachment":[{"href":"https:\/\/grupotextil.es\/ca\/wp-json\/wp\/v2\/media?parent=349098"}],"wp:term":[{"taxonomy":"product_brand","embeddable":true,"href":"https:\/\/grupotextil.es\/ca\/wp-json\/wp\/v2\/product_brand?post=349098"},{"taxonomy":"product_cat","embeddable":true,"href":"https:\/\/grupotextil.es\/ca\/wp-json\/wp\/v2\/product_cat?post=349098"},{"taxonomy":"product_tag","embeddable":true,"href":"https:\/\/grupotextil.es\/ca\/wp-json\/wp\/v2\/product_tag?post=349098"}],"curies":[{"name":"wp","href":"https:\/\/api.w.org\/{rel}","templated":true}]}}