{"id":349205,"date":"2026-03-08T01:32:01","date_gmt":"2026-03-08T00:32:01","guid":{"rendered":"https:\/\/grupotextil.es\/producto\/pantalones-sin-cordones-essential\/"},"modified":"2026-03-08T01:32:01","modified_gmt":"2026-03-08T00:32:01","slug":"pantalones-sin-cordones-essential","status":"publish","type":"product","link":"https:\/\/grupotextil.es\/ca\/product\/pantalones-sin-cordones-essential\/","title":{"rendered":"Pantalones sin cordones Essential"},"content":{"rendered":"<ul>\n<li>150 g\/m\u00b2<\/li>\n<li>65% poli\u00e9ster (reciclado), 35% algod\u00f3n (sarga)<\/li>\n<li>Tejido ligero<\/li>\n<li>No desti\u00f1e, f\u00e1cil cuidado, sostenible<\/li>\n<li>Cintura el\u00e1stica para ajustar la talla<\/li>\n<li>Altura normal del cuerpo<\/li>\n<li>2 bolsillos laterales<\/li>\n<li>1 bolsillo de parche en la parte trasera derecha<\/li>\n<li>Pierna recta, corte c\u00f3modo<\/li>\n<li>Lavable hasta 95 \u00b0 C<\/li>\n<li>Unisex<\/li>\n<\/ul>","protected":false},"excerpt":{"rendered":"<p>150 g\/m\u00b265% poli\u00e9ster (reciclado), 35% algod\u00f3n (sarga)Tejido ligeroNo desti\u00f1e, f\u00e1cil cuidado, sostenibleCintura el\u00e1stica para ajustar la tallaAltura normal del cuerpo2 bolsillos laterales1 bolsillo de<\/p>","protected":false},"featured_media":406106,"comment_status":"open","ping_status":"closed","template":"","meta":{"_acf_changed":false},"product_brand":[11673],"product_cat":[13974,13975,13973],"product_tag":[14009],"class_list":{"0":"post-349205","1":"product","2":"type-product","3":"status-publish","4":"has-post-thumbnail","6":"product_brand-karlowsky","7":"product_cat-ropa-hombre","8":"product_cat-ropa-mujer","9":"product_cat-ropa","10":"product_tag-top-ventas","11":"tm-no-options","13":"first","14":"instock","15":"taxable","16":"shipping-taxable","17":"product-type-variable"},"acf":[],"_links":{"self":[{"href":"https:\/\/grupotextil.es\/ca\/wp-json\/wp\/v2\/product\/349205","targetHints":{"allow":["GET"]}}],"collection":[{"href":"https:\/\/grupotextil.es\/ca\/wp-json\/wp\/v2\/product"}],"about":[{"href":"https:\/\/grupotextil.es\/ca\/wp-json\/wp\/v2\/types\/product"}],"replies":[{"embeddable":true,"href":"https:\/\/grupotextil.es\/ca\/wp-json\/wp\/v2\/comments?post=349205"}],"wp:featuredmedia":[{"embeddable":true,"href":"https:\/\/grupotextil.es\/ca\/wp-json\/wp\/v2\/media\/406106"}],"wp:attachment":[{"href":"https:\/\/grupotextil.es\/ca\/wp-json\/wp\/v2\/media?parent=349205"}],"wp:term":[{"taxonomy":"product_brand","embeddable":true,"href":"https:\/\/grupotextil.es\/ca\/wp-json\/wp\/v2\/product_brand?post=349205"},{"taxonomy":"product_cat","embeddable":true,"href":"https:\/\/grupotextil.es\/ca\/wp-json\/wp\/v2\/product_cat?post=349205"},{"taxonomy":"product_tag","embeddable":true,"href":"https:\/\/grupotextil.es\/ca\/wp-json\/wp\/v2\/product_tag?post=349205"}],"curies":[{"name":"wp","href":"https:\/\/api.w.org\/{rel}","templated":true}]}}