{"id":349784,"date":"2026-03-08T01:32:27","date_gmt":"2026-03-08T00:32:27","guid":{"rendered":"https:\/\/grupotextil.es\/producto\/bolsa-pro-team\/"},"modified":"2026-03-08T01:32:27","modified_gmt":"2026-03-08T00:32:27","slug":"bolsa-pro-team","status":"publish","type":"product","link":"https:\/\/grupotextil.es\/ca\/product\/bolsa-pro-team\/","title":{"rendered":"Bag Pro Team"},"content":{"rendered":"<ul>\n<li>100% poli\u00e9ster (600D\/420D)<\/li>\n<li>Asa de mano acolchado<\/li>\n<li>Correa de hombro extra\u00edble y ajustable con pieza acolchada<\/li>\n<li>Compartimento en la base con cremallera<\/li>\n<li>Bolsillo frontal f\u00e1cil de personalizar<\/li>\n<li>Bolsillos en los extremos con cremallera<\/li>\n<li>Bolsillos interiores y bolsillos de malla<\/li>\n<li>Base con pies protectores<\/li>\n<li>Utilizable con candados<\/li>\n<li>Capacidad: 40 litros<\/li>\n<li>Medidas: 44 x 39 x 27 cm<\/li>\n<li>M\u00e1ximo bordado: aro tubular 15 (frontal), 9 (extremos)<\/li>\n<li>M\u00e1xima \u00e1rea de impresi\u00f3n: 24 x 14 cm (frontal), 9 x 9 cm (extremos)<\/li>\n<\/ul>","protected":false},"excerpt":{"rendered":"<p>100% poli\u00e9ster (600D\/420D)Asa de mano acolchadoCorrea de hombro extra\u00edble y ajustable con pieza acolchadaCompartimento en la base con cremalleraBolsillo frontal f\u00e1cil de personalizarBolsillos en los e<\/p>","protected":false},"featured_media":406279,"comment_status":"open","ping_status":"closed","template":"","meta":{"_acf_changed":false},"product_brand":[11657],"product_cat":[13977,13974,13975,13973],"product_tag":[],"class_list":{"0":"post-349784","1":"product","2":"type-product","3":"status-publish","4":"has-post-thumbnail","6":"product_brand-quadra","7":"product_cat-h-camisetas-manga-corta","8":"product_cat-ropa-hombre","9":"product_cat-ropa-mujer","10":"product_cat-ropa","11":"tm-no-options","13":"first","14":"instock","15":"taxable","16":"shipping-taxable","17":"product-type-variable"},"acf":[],"_links":{"self":[{"href":"https:\/\/grupotextil.es\/ca\/wp-json\/wp\/v2\/product\/349784","targetHints":{"allow":["GET"]}}],"collection":[{"href":"https:\/\/grupotextil.es\/ca\/wp-json\/wp\/v2\/product"}],"about":[{"href":"https:\/\/grupotextil.es\/ca\/wp-json\/wp\/v2\/types\/product"}],"replies":[{"embeddable":true,"href":"https:\/\/grupotextil.es\/ca\/wp-json\/wp\/v2\/comments?post=349784"}],"wp:featuredmedia":[{"embeddable":true,"href":"https:\/\/grupotextil.es\/ca\/wp-json\/wp\/v2\/media\/406279"}],"wp:attachment":[{"href":"https:\/\/grupotextil.es\/ca\/wp-json\/wp\/v2\/media?parent=349784"}],"wp:term":[{"taxonomy":"product_brand","embeddable":true,"href":"https:\/\/grupotextil.es\/ca\/wp-json\/wp\/v2\/product_brand?post=349784"},{"taxonomy":"product_cat","embeddable":true,"href":"https:\/\/grupotextil.es\/ca\/wp-json\/wp\/v2\/product_cat?post=349784"},{"taxonomy":"product_tag","embeddable":true,"href":"https:\/\/grupotextil.es\/ca\/wp-json\/wp\/v2\/product_tag?post=349784"}],"curies":[{"name":"wp","href":"https:\/\/api.w.org\/{rel}","templated":true}]}}