{"id":349842,"date":"2026-03-08T01:32:32","date_gmt":"2026-03-08T00:32:32","guid":{"rendered":"https:\/\/grupotextil.es\/producto\/sudadera-sweatshirt\/"},"modified":"2026-03-08T01:32:32","modified_gmt":"2026-03-08T00:32:32","slug":"sudadera-sweatshirt","status":"publish","type":"product","link":"https:\/\/grupotextil.es\/ca\/product\/sudadera-sweatshirt\/","title":{"rendered":"Sweatshirt Sweatshirt"},"content":{"rendered":"<ul>\n<li>280 g\/m\u00b2<\/li>\n<li>80% algod\u00f3n, 20% poli\u00e9ster (french terry)<\/li>\n<li>Heather Grey Melange: 84% algod\u00f3n, 16% viscosa<\/li>\n<li>Cuello suave redondo en canal\u00e9<\/li>\n<li>Dos corchetes en los hombos para f\u00e1cil colocaci\u00f3n<\/li>\n<li>Etiqueta extra\u00edble<\/li>\n<li>Detalle de punto en forma de V en el cuello<\/li>\n<li>Pu\u00f1os y mangas en canal\u00e9 suaves<\/li>\n<li>Espalda m\u00e1s larga y aberturas laterales<\/li>\n<\/ul>","protected":false},"excerpt":{"rendered":"<p>280 g\/m\u00b280% algod\u00f3n, 20% poli\u00e9ster (french terry)Heather Grey Melange: 84% algod\u00f3n, 16% viscosaCuello suave redondo en canal\u00e9Dos corchetes en los hombos para f\u00e1cil colocaci\u00f3nEtiqueta extra\u00edbleDetalle<\/p>","protected":false},"featured_media":406321,"comment_status":"open","ping_status":"closed","template":"","meta":{"_acf_changed":false},"product_brand":[11662],"product_cat":[13977,13974,13975,13973],"product_tag":[],"class_list":{"0":"post-349842","1":"product","2":"type-product","3":"status-publish","4":"has-post-thumbnail","6":"product_brand-babybugz","7":"product_cat-h-camisetas-manga-corta","8":"product_cat-ropa-hombre","9":"product_cat-ropa-mujer","10":"product_cat-ropa","11":"tm-no-options","13":"first","14":"instock","15":"taxable","16":"shipping-taxable","17":"product-type-variable"},"acf":[],"_links":{"self":[{"href":"https:\/\/grupotextil.es\/ca\/wp-json\/wp\/v2\/product\/349842","targetHints":{"allow":["GET"]}}],"collection":[{"href":"https:\/\/grupotextil.es\/ca\/wp-json\/wp\/v2\/product"}],"about":[{"href":"https:\/\/grupotextil.es\/ca\/wp-json\/wp\/v2\/types\/product"}],"replies":[{"embeddable":true,"href":"https:\/\/grupotextil.es\/ca\/wp-json\/wp\/v2\/comments?post=349842"}],"wp:featuredmedia":[{"embeddable":true,"href":"https:\/\/grupotextil.es\/ca\/wp-json\/wp\/v2\/media\/406321"}],"wp:attachment":[{"href":"https:\/\/grupotextil.es\/ca\/wp-json\/wp\/v2\/media?parent=349842"}],"wp:term":[{"taxonomy":"product_brand","embeddable":true,"href":"https:\/\/grupotextil.es\/ca\/wp-json\/wp\/v2\/product_brand?post=349842"},{"taxonomy":"product_cat","embeddable":true,"href":"https:\/\/grupotextil.es\/ca\/wp-json\/wp\/v2\/product_cat?post=349842"},{"taxonomy":"product_tag","embeddable":true,"href":"https:\/\/grupotextil.es\/ca\/wp-json\/wp\/v2\/product_tag?post=349842"}],"curies":[{"name":"wp","href":"https:\/\/api.w.org\/{rel}","templated":true}]}}