{"id":349863,"date":"2026-03-08T01:32:33","date_gmt":"2026-03-08T00:32:33","guid":{"rendered":"https:\/\/grupotextil.es\/producto\/bolsa-de-deporte-pro-team-jumbo\/"},"modified":"2026-03-08T01:32:33","modified_gmt":"2026-03-08T00:32:33","slug":"bolsa-de-deporte-pro-team-jumbo","status":"publish","type":"product","link":"https:\/\/grupotextil.es\/ca\/product\/bolsa-de-deporte-pro-team-jumbo\/","title":{"rendered":"Bag Sports Pro Team Jumbo"},"content":{"rendered":"<ul>\n<li>100% poli\u00e9ster (600D\/420D)<\/li>\n<li>Asas de mano acolchadas<\/li>\n<li>Correa de hombro acolchada y desmontable<\/li>\n<li>Compartimento principal amplio<\/li>\n<li>Bolsillo frontal f\u00e1cil de personalizar<\/li>\n<li>Dos amplios bolsillos laterales<\/li>\n<li>Bolsillo interior para objetos de valor, bolsillos de malla, compartimento para botella<\/li>\n<li>Base con pies protectores<\/li>\n<li>Capacidad: 115 litros<\/li>\n<li>Medidas: 85 x 38 x 35 cm<\/li>\n<li>M\u00e1ximo bordado: aro tubular 18 (frontal), 15 (extremos)<\/li>\n<li>M\u00e1xima \u00e1rea de impresi\u00f3n: 44 x 20 cm (frontal), 17 x 15 cm (extremos)<\/li>\n<\/ul>","protected":false},"excerpt":{"rendered":"<p>100% poli\u00e9ster (600D\/420D)Asas de mano acolchadasCorrea de hombro acolchada y desmontableCompartimento principal amplioBolsillo frontal f\u00e1cil de personalizarDos amplios bolsillos lateralesBolsillo int<\/p>","protected":false},"featured_media":406331,"comment_status":"open","ping_status":"closed","template":"","meta":{"_acf_changed":false},"product_brand":[11657],"product_cat":[13977,13974,13975,13973],"product_tag":[],"class_list":{"0":"post-349863","1":"product","2":"type-product","3":"status-publish","4":"has-post-thumbnail","6":"product_brand-quadra","7":"product_cat-h-camisetas-manga-corta","8":"product_cat-ropa-hombre","9":"product_cat-ropa-mujer","10":"product_cat-ropa","11":"tm-no-options","13":"first","14":"instock","15":"taxable","16":"shipping-taxable","17":"product-type-variable"},"acf":[],"_links":{"self":[{"href":"https:\/\/grupotextil.es\/ca\/wp-json\/wp\/v2\/product\/349863","targetHints":{"allow":["GET"]}}],"collection":[{"href":"https:\/\/grupotextil.es\/ca\/wp-json\/wp\/v2\/product"}],"about":[{"href":"https:\/\/grupotextil.es\/ca\/wp-json\/wp\/v2\/types\/product"}],"replies":[{"embeddable":true,"href":"https:\/\/grupotextil.es\/ca\/wp-json\/wp\/v2\/comments?post=349863"}],"wp:featuredmedia":[{"embeddable":true,"href":"https:\/\/grupotextil.es\/ca\/wp-json\/wp\/v2\/media\/406331"}],"wp:attachment":[{"href":"https:\/\/grupotextil.es\/ca\/wp-json\/wp\/v2\/media?parent=349863"}],"wp:term":[{"taxonomy":"product_brand","embeddable":true,"href":"https:\/\/grupotextil.es\/ca\/wp-json\/wp\/v2\/product_brand?post=349863"},{"taxonomy":"product_cat","embeddable":true,"href":"https:\/\/grupotextil.es\/ca\/wp-json\/wp\/v2\/product_cat?post=349863"},{"taxonomy":"product_tag","embeddable":true,"href":"https:\/\/grupotextil.es\/ca\/wp-json\/wp\/v2\/product_tag?post=349863"}],"curies":[{"name":"wp","href":"https:\/\/api.w.org\/{rel}","templated":true}]}}