{"id":349869,"date":"2026-03-08T01:32:34","date_gmt":"2026-03-08T00:32:34","guid":{"rendered":"https:\/\/grupotextil.es\/producto\/camiseta-e220\/"},"modified":"2026-03-08T01:32:34","modified_gmt":"2026-03-08T00:32:34","slug":"camiseta-e220","status":"publish","type":"product","link":"https:\/\/grupotextil.es\/ca\/product\/camiseta-e220\/","title":{"rendered":"T-Shirt #E220"},"content":{"rendered":"<ul>\n<li>220 g\/m\u00b2<\/li>\n<li>100% algod\u00f3n (invirtiendo en un mejor algod\u00f3n)<\/li>\n<li>Estilo verdaderamente neutral en cuanto al g\u00e9nero con costuras laterales #fit<\/li>\n<li>Tejido duradero de 220 GSM con un tacto de primera calidad #comodidad<\/li>\n<li>Cuello acanalado prominente para un aspecto aut\u00e9ntico #contempor\u00e1neo<\/li>\n<li>Sin etiqueta, f\u00e1cil de rebrandear<\/li>\n<\/ul>","protected":false},"excerpt":{"rendered":"<p>220 g\/m\u00b2100% algod\u00f3n (invirtiendo en un mejor algod\u00f3n)Estilo verdaderamente neutral en cuanto al g\u00e9nero con costuras laterales #fitTejido duradero de 220 GSM con un tacto de primera calidad #comodidad<\/p>","protected":false},"featured_media":406352,"comment_status":"open","ping_status":"closed","template":"","meta":{"_acf_changed":false},"product_brand":[11653],"product_cat":[13977,13974,13975,13973],"product_tag":[],"class_list":{"0":"post-349869","1":"product","2":"type-product","3":"status-publish","4":"has-post-thumbnail","6":"product_brand-b-c","7":"product_cat-h-camisetas-manga-corta","8":"product_cat-ropa-hombre","9":"product_cat-ropa-mujer","10":"product_cat-ropa","11":"tm-no-options","13":"first","14":"instock","15":"taxable","16":"shipping-taxable","17":"product-type-variable"},"acf":[],"_links":{"self":[{"href":"https:\/\/grupotextil.es\/ca\/wp-json\/wp\/v2\/product\/349869","targetHints":{"allow":["GET"]}}],"collection":[{"href":"https:\/\/grupotextil.es\/ca\/wp-json\/wp\/v2\/product"}],"about":[{"href":"https:\/\/grupotextil.es\/ca\/wp-json\/wp\/v2\/types\/product"}],"replies":[{"embeddable":true,"href":"https:\/\/grupotextil.es\/ca\/wp-json\/wp\/v2\/comments?post=349869"}],"wp:featuredmedia":[{"embeddable":true,"href":"https:\/\/grupotextil.es\/ca\/wp-json\/wp\/v2\/media\/406352"}],"wp:attachment":[{"href":"https:\/\/grupotextil.es\/ca\/wp-json\/wp\/v2\/media?parent=349869"}],"wp:term":[{"taxonomy":"product_brand","embeddable":true,"href":"https:\/\/grupotextil.es\/ca\/wp-json\/wp\/v2\/product_brand?post=349869"},{"taxonomy":"product_cat","embeddable":true,"href":"https:\/\/grupotextil.es\/ca\/wp-json\/wp\/v2\/product_cat?post=349869"},{"taxonomy":"product_tag","embeddable":true,"href":"https:\/\/grupotextil.es\/ca\/wp-json\/wp\/v2\/product_tag?post=349869"}],"curies":[{"name":"wp","href":"https:\/\/api.w.org\/{rel}","templated":true}]}}