{"id":349944,"date":"2026-03-08T01:32:40","date_gmt":"2026-03-08T00:32:40","guid":{"rendered":"https:\/\/grupotextil.es\/producto\/sudadera-con-capucha\/"},"modified":"2026-03-08T01:32:40","modified_gmt":"2026-03-08T00:32:40","slug":"sudadera-con-capucha","status":"publish","type":"product","link":"https:\/\/grupotextil.es\/ca\/product\/sudadera-con-capucha\/","title":{"rendered":"Sudadera con capucha"},"content":{"rendered":"<ul>\n<li>250 g\/m\u00b2<\/li>\n<li>80% algod\u00f3n (en algunos modelos algod\u00f3n org\u00e1nico), 20% poli\u00e9ster<\/li>\n<li>Heather Grey Melange: 84% algod\u00f3n, 16% viscosa<\/li>\n<li>Polar interior<\/li>\n<li>Capucha de 3 capas<\/li>\n<li>Capucha encintada (efecto cord\u00f3n)<\/li>\n<li>Parte trasera del cuello encintada<\/li>\n<li>Etiqueta extra\u00edble<\/li>\n<li>F\u00e1cil acceso para decoraci\u00f3n<\/li>\n<li>Cremallera<\/li>\n<li>Bolsillo canguro<\/li>\n<li>Costuras planas<\/li>\n<li>Espalda m\u00e1s larga y aberturas laterales<\/li>\n<\/ul>","protected":false},"excerpt":{"rendered":"<p>250 g\/m\u00b280% algod\u00f3n (en algunos modelos algod\u00f3n org\u00e1nico), 20% poli\u00e9sterHeather Grey Melange: 84% algod\u00f3n, 16% viscosaPolar interiorCapucha de 3 capasCapucha encintada (efecto cord\u00f3n)Parte trasera del<\/p>","protected":false},"featured_media":406361,"comment_status":"open","ping_status":"closed","template":"","meta":{"_acf_changed":false},"product_brand":[11662],"product_cat":[13977,13974,13975,13973],"product_tag":[],"class_list":{"0":"post-349944","1":"product","2":"type-product","3":"status-publish","4":"has-post-thumbnail","6":"product_brand-babybugz","7":"product_cat-h-camisetas-manga-corta","8":"product_cat-ropa-hombre","9":"product_cat-ropa-mujer","10":"product_cat-ropa","11":"tm-no-options","13":"first","14":"instock","15":"taxable","16":"shipping-taxable","17":"product-type-variable"},"acf":[],"_links":{"self":[{"href":"https:\/\/grupotextil.es\/ca\/wp-json\/wp\/v2\/product\/349944","targetHints":{"allow":["GET"]}}],"collection":[{"href":"https:\/\/grupotextil.es\/ca\/wp-json\/wp\/v2\/product"}],"about":[{"href":"https:\/\/grupotextil.es\/ca\/wp-json\/wp\/v2\/types\/product"}],"replies":[{"embeddable":true,"href":"https:\/\/grupotextil.es\/ca\/wp-json\/wp\/v2\/comments?post=349944"}],"wp:featuredmedia":[{"embeddable":true,"href":"https:\/\/grupotextil.es\/ca\/wp-json\/wp\/v2\/media\/406361"}],"wp:attachment":[{"href":"https:\/\/grupotextil.es\/ca\/wp-json\/wp\/v2\/media?parent=349944"}],"wp:term":[{"taxonomy":"product_brand","embeddable":true,"href":"https:\/\/grupotextil.es\/ca\/wp-json\/wp\/v2\/product_brand?post=349944"},{"taxonomy":"product_cat","embeddable":true,"href":"https:\/\/grupotextil.es\/ca\/wp-json\/wp\/v2\/product_cat?post=349944"},{"taxonomy":"product_tag","embeddable":true,"href":"https:\/\/grupotextil.es\/ca\/wp-json\/wp\/v2\/product_tag?post=349944"}],"curies":[{"name":"wp","href":"https:\/\/api.w.org\/{rel}","templated":true}]}}