{"id":350038,"date":"2026-03-08T01:32:52","date_gmt":"2026-03-08T00:32:52","guid":{"rendered":"https:\/\/grupotextil.es\/producto\/mochila-ligera-kyiv\/"},"modified":"2026-03-08T01:32:52","modified_gmt":"2026-03-08T00:32:52","slug":"mochila-ligera-kyiv","status":"publish","type":"product","link":"https:\/\/grupotextil.es\/ca\/product\/mochila-ligera-kyiv\/","title":{"rendered":"Mochila ligera Kyiv"},"content":{"rendered":"<ul>\n<li>100% poli\u00e9ster (600D)<\/li>\n<li>Mochila elegante para todos los d\u00edas<\/li>\n<li>2 asas de mano<\/li>\n<li>Tirantes acolchados ajustables<\/li>\n<li>Respaldo acolchado de malla<\/li>\n<li>Gran compartimento principal con cremallera<\/li>\n<li>Bolsillo delantero con cremallera<\/li>\n<li>Capacidad: 16 Litros<\/li>\n<li>Medidas: 28 x 15 x 40 cm<\/li>\n<li>Apto para transfer, serigraf\u00eda o bordado<\/li>\n<li>M\u00e1x. bordado: 13 aro tubular<\/li>\n<li>M\u00e1x. \u00e1rea de impresi\u00f3n: 13 x 14 cm<\/li>\n<\/ul>","protected":false},"excerpt":{"rendered":"<p>100% poli\u00e9ster (600D)Mochila elegante para todos los d\u00edas2 asas de manoTirantes acolchados ajustablesRespaldo acolchado de mallaGran compartimento principal con cremalleraBolsillo delantero con cre&#8230;<\/p>","protected":false},"featured_media":406403,"comment_status":"open","ping_status":"closed","template":"","meta":{"_acf_changed":false},"product_brand":[11660],"product_cat":[13977,13974,13975,13973],"product_tag":[],"class_list":{"0":"post-350038","1":"product","2":"type-product","3":"status-publish","4":"has-post-thumbnail","6":"product_brand-shugon","7":"product_cat-h-camisetas-manga-corta","8":"product_cat-ropa-hombre","9":"product_cat-ropa-mujer","10":"product_cat-ropa","11":"tm-no-options","13":"first","14":"instock","15":"taxable","16":"shipping-taxable","17":"product-type-variable"},"acf":[],"_links":{"self":[{"href":"https:\/\/grupotextil.es\/ca\/wp-json\/wp\/v2\/product\/350038","targetHints":{"allow":["GET"]}}],"collection":[{"href":"https:\/\/grupotextil.es\/ca\/wp-json\/wp\/v2\/product"}],"about":[{"href":"https:\/\/grupotextil.es\/ca\/wp-json\/wp\/v2\/types\/product"}],"replies":[{"embeddable":true,"href":"https:\/\/grupotextil.es\/ca\/wp-json\/wp\/v2\/comments?post=350038"}],"wp:featuredmedia":[{"embeddable":true,"href":"https:\/\/grupotextil.es\/ca\/wp-json\/wp\/v2\/media\/406403"}],"wp:attachment":[{"href":"https:\/\/grupotextil.es\/ca\/wp-json\/wp\/v2\/media?parent=350038"}],"wp:term":[{"taxonomy":"product_brand","embeddable":true,"href":"https:\/\/grupotextil.es\/ca\/wp-json\/wp\/v2\/product_brand?post=350038"},{"taxonomy":"product_cat","embeddable":true,"href":"https:\/\/grupotextil.es\/ca\/wp-json\/wp\/v2\/product_cat?post=350038"},{"taxonomy":"product_tag","embeddable":true,"href":"https:\/\/grupotextil.es\/ca\/wp-json\/wp\/v2\/product_tag?post=350038"}],"curies":[{"name":"wp","href":"https:\/\/api.w.org\/{rel}","templated":true}]}}