{"id":350346,"date":"2026-03-08T01:33:28","date_gmt":"2026-03-08T00:33:28","guid":{"rendered":"https:\/\/grupotextil.es\/producto\/camiseta-de-manga-larga-e150-para-ninos\/"},"modified":"2026-03-08T01:33:28","modified_gmt":"2026-03-08T00:33:28","slug":"camiseta-de-manga-larga-e150-para-ninos","status":"publish","type":"product","link":"https:\/\/grupotextil.es\/ca\/product\/camiseta-de-manga-larga-e150-para-ninos\/","title":{"rendered":"T-Shirt de Long Sleeve #E150 para Kidss"},"content":{"rendered":"<ul>\n<li>145 g\/m\u00b2<\/li>\n<li>100 % algod\u00f3n, preencogido, ring-spun (invirtiendo en un mejor algod\u00f3n)<\/li>\n<li>Dise\u00f1ado para ni\u00f1os y ni\u00f1as (neutral en cuanto al g\u00e9nero), desde ni\u00f1os hasta adolescentes #inclusivo<\/li>\n<li>Construcci\u00f3n tubular #movimiento<\/li>\n<li>Cuello fino acanalado para una apariencia moderna #uptodate<\/li>\n<li>Cinta en la nuca para un acabado limpio #comodidad<\/li>\n<li>Sin etiqueta, f\u00e1cil de rebrandear<\/li>\n<\/ul>","protected":false},"excerpt":{"rendered":"<p>145 g\/m\u00b2100 % algod\u00f3n, preencogido, ring-spun (invirtiendo en un mejor algod\u00f3n)Dise\u00f1ado para ni\u00f1os y ni\u00f1as (neutral en cuanto al g\u00e9nero), desde ni\u00f1os hasta adolescentes #inclusivoConstrucci\u00f3n tubular<\/p>","protected":false},"featured_media":406527,"comment_status":"open","ping_status":"closed","template":"","meta":{"_acf_changed":false},"product_brand":[11653],"product_cat":[13977,13974,13975,13973],"product_tag":[],"class_list":{"0":"post-350346","1":"product","2":"type-product","3":"status-publish","4":"has-post-thumbnail","6":"product_brand-b-c","7":"product_cat-h-camisetas-manga-corta","8":"product_cat-ropa-hombre","9":"product_cat-ropa-mujer","10":"product_cat-ropa","11":"tm-no-options","13":"first","14":"instock","15":"taxable","16":"shipping-taxable","17":"product-type-variable"},"acf":[],"_links":{"self":[{"href":"https:\/\/grupotextil.es\/ca\/wp-json\/wp\/v2\/product\/350346","targetHints":{"allow":["GET"]}}],"collection":[{"href":"https:\/\/grupotextil.es\/ca\/wp-json\/wp\/v2\/product"}],"about":[{"href":"https:\/\/grupotextil.es\/ca\/wp-json\/wp\/v2\/types\/product"}],"replies":[{"embeddable":true,"href":"https:\/\/grupotextil.es\/ca\/wp-json\/wp\/v2\/comments?post=350346"}],"wp:featuredmedia":[{"embeddable":true,"href":"https:\/\/grupotextil.es\/ca\/wp-json\/wp\/v2\/media\/406527"}],"wp:attachment":[{"href":"https:\/\/grupotextil.es\/ca\/wp-json\/wp\/v2\/media?parent=350346"}],"wp:term":[{"taxonomy":"product_brand","embeddable":true,"href":"https:\/\/grupotextil.es\/ca\/wp-json\/wp\/v2\/product_brand?post=350346"},{"taxonomy":"product_cat","embeddable":true,"href":"https:\/\/grupotextil.es\/ca\/wp-json\/wp\/v2\/product_cat?post=350346"},{"taxonomy":"product_tag","embeddable":true,"href":"https:\/\/grupotextil.es\/ca\/wp-json\/wp\/v2\/product_tag?post=350346"}],"curies":[{"name":"wp","href":"https:\/\/api.w.org\/{rel}","templated":true}]}}